{"id":8941,"date":"2022-02-17T16:02:02","date_gmt":"2022-02-17T15:02:02","guid":{"rendered":"https:\/\/dev.theaesthetics.at\/frag-das-team\/thema-koerper\/"},"modified":"2022-05-10T16:53:49","modified_gmt":"2022-05-10T14:53:49","slug":"topic-body","status":"publish","type":"page","link":"https:\/\/www.theaesthetics.at\/en\/ask-the-team\/topic-body\/","title":{"rendered":"Body"},"content":{"rendered":"\t\t<div data-elementor-type=\"wp-page\" data-elementor-id=\"8941\" class=\"elementor elementor-8941 elementor-8755\" data-elementor-post-type=\"page\">\n\t\t\t\t\t\t<section class=\"elementor-section elementor-top-section elementor-element elementor-element-129aba7 elementor-section-stretched elementor-section-boxed elementor-section-height-default elementor-section-height-default\" data-id=\"129aba7\" data-element_type=\"section\" data-e-type=\"section\" data-settings=\"{&quot;stretch_section&quot;:&quot;section-stretched&quot;}\">\n\t\t\t\t\t\t<div class=\"elementor-container elementor-column-gap-default\">\n\t\t\t\t\t<div class=\"elementor-column elementor-col-50 elementor-top-column elementor-element elementor-element-fd38da4\" data-id=\"fd38da4\" data-element_type=\"column\" data-e-type=\"column\">\n\t\t\t<div class=\"elementor-widget-wrap elementor-element-populated\">\n\t\t\t\t\t\t<div class=\"elementor-text-editor elementor-element elementor-element-a873308 elementor-widget elementor-widget-text-editor\" data-id=\"a873308\" data-element_type=\"widget\" data-e-type=\"widget\" data-widget_type=\"text-editor.default\">\n\t\t\t\t<div class=\"elementor-widget-container\">\n\t\t\t\t\t\t\t\t\t<h2 style=\"text-align: center;\"><strong>Categories<\/strong><\/h2>\t\t\t\t\t\t\t\t<\/div>\n\t\t\t\t<\/div>\n\t\t\t\t<div class=\"elementor-element elementor-element-72b57ec elementor-hidden-desktop elementor-hidden-tablet elementor-icon-list--layout-traditional elementor-list-item-link-full_width elementor-widget elementor-widget-icon-list\" data-id=\"72b57ec\" data-element_type=\"widget\" data-e-type=\"widget\" data-widget_type=\"icon-list.default\">\n\t\t\t\t<div class=\"elementor-widget-container\">\n\t\t\t\t\t\t\t<ul class=\"elementor-icon-list-items\">\n\t\t\t\t\t\t\t<li class=\"elementor-icon-list-item\">\n\t\t\t\t\t\t\t\t\t\t\t<a href=\"https:\/\/www.theaesthetics.at\/thema-brusteingriffe\/\">\n\n\t\t\t\t\t\t\t\t\t\t\t\t<span class=\"elementor-icon-list-icon\">\n\t\t\t\t\t\t\t<i aria-hidden=\"true\" class=\"fas fa-angle-double-right\"><\/i>\t\t\t\t\t\t<\/span>\n\t\t\t\t\t\t\t\t\t\t<span class=\"elementor-icon-list-text\">BRUST<\/span>\n\t\t\t\t\t\t\t\t\t\t\t<\/a>\n\t\t\t\t\t\t\t\t\t<\/li>\n\t\t\t\t\t\t\t\t<li class=\"elementor-icon-list-item\">\n\t\t\t\t\t\t\t\t\t\t\t<a href=\"https:\/\/www.theaesthetics.at\/frag-das-team\/thema-gesicht\/\">\n\n\t\t\t\t\t\t\t\t\t\t\t\t<span class=\"elementor-icon-list-icon\">\n\t\t\t\t\t\t\t<i aria-hidden=\"true\" class=\"fas fa-angle-double-right\"><\/i>\t\t\t\t\t\t<\/span>\n\t\t\t\t\t\t\t\t\t\t<span class=\"elementor-icon-list-text\">GESICHT<\/span>\n\t\t\t\t\t\t\t\t\t\t\t<\/a>\n\t\t\t\t\t\t\t\t\t<\/li>\n\t\t\t\t\t\t\t\t<li class=\"elementor-icon-list-item\">\n\t\t\t\t\t\t\t\t\t\t\t<a href=\"https:\/\/www.theaesthetics.at\/frag-das-team\/thema-gesicht\/\">\n\n\t\t\t\t\t\t\t\t\t\t\t\t<span class=\"elementor-icon-list-icon\">\n\t\t\t\t\t\t\t<i aria-hidden=\"true\" class=\"fas fa-angle-double-right\"><\/i>\t\t\t\t\t\t<\/span>\n\t\t\t\t\t\t\t\t\t\t<span class=\"elementor-icon-list-text\">ALLGEMEIN<\/span>\n\t\t\t\t\t\t\t\t\t\t\t<\/a>\n\t\t\t\t\t\t\t\t\t<\/li>\n\t\t\t\t\t\t<\/ul>\n\t\t\t\t\t\t<\/div>\n\t\t\t\t<\/div>\n\t\t\t\t<div class=\"elementor-element elementor-element-6b6ce11 elementor-position-left elementor-vertical-align-middle elementor-hidden-mobile elementor-widget elementor-widget-image-box\" data-id=\"6b6ce11\" data-element_type=\"widget\" data-e-type=\"widget\" data-widget_type=\"image-box.default\">\n\t\t\t\t<div class=\"elementor-widget-container\">\n\t\t\t\t\t<div class=\"elementor-image-box-wrapper\"><figure class=\"elementor-image-box-img\"><a href=\"https:\/\/www.theaesthetics.at\/en\/ask-the-team\/breast-surgery\/\" tabindex=\"-1\"><img fetchpriority=\"high\" decoding=\"async\" width=\"512\" height=\"512\" src=\"https:\/\/www.theaesthetics.at\/wp-content\/uploads\/2022\/02\/FAQ_brust.jpg\" class=\"attachment-full size-full wp-image-8469\" alt=\"\" srcset=\"https:\/\/www.theaesthetics.at\/wp-content\/uploads\/2022\/02\/FAQ_brust.jpg 512w, https:\/\/www.theaesthetics.at\/wp-content\/uploads\/2022\/02\/FAQ_brust-300x300.jpg 300w, https:\/\/www.theaesthetics.at\/wp-content\/uploads\/2022\/02\/FAQ_brust-150x150.jpg 150w, https:\/\/www.theaesthetics.at\/wp-content\/uploads\/2022\/02\/FAQ_brust-500x500.jpg 500w\" sizes=\"(max-width: 512px) 100vw, 512px\" \/><\/a><\/figure><div class=\"elementor-image-box-content\"><h4 class=\"elementor-image-box-title\"><a href=\"https:\/\/www.theaesthetics.at\/en\/ask-the-team\/breast-surgery\/\">Breast<\/a><\/h4><\/div><\/div>\t\t\t\t<\/div>\n\t\t\t\t<\/div>\n\t\t\t\t<div class=\"elementor-element elementor-element-e22b098 elementor-position-left elementor-vertical-align-middle elementor-hidden-mobile elementor-widget elementor-widget-image-box\" data-id=\"e22b098\" data-element_type=\"widget\" data-e-type=\"widget\" data-widget_type=\"image-box.default\">\n\t\t\t\t<div class=\"elementor-widget-container\">\n\t\t\t\t\t<div class=\"elementor-image-box-wrapper\"><figure class=\"elementor-image-box-img\"><a href=\"https:\/\/www.theaesthetics.at\/en\/ask-the-team\/face\/\" tabindex=\"-1\"><img decoding=\"async\" width=\"512\" height=\"512\" src=\"https:\/\/www.theaesthetics.at\/wp-content\/uploads\/2022\/02\/FAQ_face.jpg\" class=\"attachment-full size-full wp-image-8473\" alt=\"\" srcset=\"https:\/\/www.theaesthetics.at\/wp-content\/uploads\/2022\/02\/FAQ_face.jpg 512w, https:\/\/www.theaesthetics.at\/wp-content\/uploads\/2022\/02\/FAQ_face-300x300.jpg 300w, https:\/\/www.theaesthetics.at\/wp-content\/uploads\/2022\/02\/FAQ_face-150x150.jpg 150w, https:\/\/www.theaesthetics.at\/wp-content\/uploads\/2022\/02\/FAQ_face-500x500.jpg 500w\" sizes=\"(max-width: 512px) 100vw, 512px\" \/><\/a><\/figure><div class=\"elementor-image-box-content\"><h4 class=\"elementor-image-box-title\"><a href=\"https:\/\/www.theaesthetics.at\/en\/ask-the-team\/face\/\">Face<\/a><\/h4><\/div><\/div>\t\t\t\t<\/div>\n\t\t\t\t<\/div>\n\t\t\t\t<div class=\"elementor-element elementor-element-afd6564 elementor-position-left elementor-vertical-align-middle elementor-hidden-mobile elementor-widget elementor-widget-image-box\" data-id=\"afd6564\" data-element_type=\"widget\" data-e-type=\"widget\" data-widget_type=\"image-box.default\">\n\t\t\t\t<div class=\"elementor-widget-container\">\n\t\t\t\t\t<div class=\"elementor-image-box-wrapper\"><figure class=\"elementor-image-box-img\"><a href=\"https:\/\/www.theaesthetics.at\/en\/ask-the-team\/general\/\" tabindex=\"-1\"><img decoding=\"async\" width=\"512\" height=\"512\" src=\"https:\/\/www.theaesthetics.at\/wp-content\/uploads\/2022\/02\/FAQ_other.jpg\" class=\"attachment-full size-full wp-image-8476\" alt=\"\" srcset=\"https:\/\/www.theaesthetics.at\/wp-content\/uploads\/2022\/02\/FAQ_other.jpg 512w, https:\/\/www.theaesthetics.at\/wp-content\/uploads\/2022\/02\/FAQ_other-300x300.jpg 300w, https:\/\/www.theaesthetics.at\/wp-content\/uploads\/2022\/02\/FAQ_other-150x150.jpg 150w, https:\/\/www.theaesthetics.at\/wp-content\/uploads\/2022\/02\/FAQ_other-500x500.jpg 500w\" sizes=\"(max-width: 512px) 100vw, 512px\" \/><\/a><\/figure><div class=\"elementor-image-box-content\"><h4 class=\"elementor-image-box-title\"><a href=\"https:\/\/www.theaesthetics.at\/en\/ask-the-team\/general\/\">General<\/a><\/h4><\/div><\/div>\t\t\t\t<\/div>\n\t\t\t\t<\/div>\n\t\t\t\t\t<\/div>\n\t\t<\/div>\n\t\t\t\t<div class=\"elementor-column elementor-col-50 elementor-top-column elementor-element elementor-element-58dbe82\" data-id=\"58dbe82\" data-element_type=\"column\" data-e-type=\"column\">\n\t\t\t<div class=\"elementor-widget-wrap elementor-element-populated\">\n\t\t\t\t\t\t<div class=\"elementor-text-editor elementor-element elementor-element-c1cbae6 elementor-widget elementor-widget-text-editor\" data-id=\"c1cbae6\" data-element_type=\"widget\" data-e-type=\"widget\" data-widget_type=\"text-editor.default\">\n\t\t\t\t<div class=\"elementor-widget-container\">\n\t\t\t\t\t\t\t\t\t<h1>Questions about the <strong>Body<\/strong><\/h1>\t\t\t\t\t\t\t\t<\/div>\n\t\t\t\t<\/div>\n\t\t\t\t<div class=\"elementor-text-editor elementor-element elementor-element-a2463a7 elementor-widget elementor-widget-text-editor\" data-id=\"a2463a7\" data-element_type=\"widget\" data-e-type=\"widget\" data-widget_type=\"text-editor.default\">\n\t\t\t\t<div class=\"elementor-widget-container\">\n\t\t\t\t\t\t\t\t\t<p style=\"text-align: center;\">Here you can ask us your questions and our team of experts will answer as soon as possible.<br \/>If you do not want your name to be public, please use a pseudonym<br \/>or enter your first name only.<\/p>\t\t\t\t\t\t\t\t<\/div>\n\t\t\t\t<\/div>\n\t\t\t\t\t<\/div>\n\t\t<\/div>\n\t\t\t\t\t<\/div>\n\t\t<\/section>\n\t\t\t\t<\/div>\n\t\t","protected":false},"excerpt":{"rendered":"<p>Categories BRUST GESICHT ALLGEMEIN Breast Face General Questions about the Body Here you can ask us your questions and our team of experts will answer as soon as possible.If you do not want your name to be public, please use a pseudonymor enter your first name only.<\/p>\n","protected":false},"author":5,"featured_media":0,"parent":8137,"menu_order":0,"comment_status":"open","ping_status":"closed","template":"elementor_header_footer","meta":{"_acf_changed":false,"footnotes":""},"class_list":["post-8941","page","type-page","status-publish","hentry"],"acf":[],"yoast_head":"<!-- This site is optimized with the Yoast SEO plugin v27.5 - https:\/\/yoast.com\/product\/yoast-seo-wordpress\/ -->\n<title>Body - TheAesthetics Dr. Rolf Bartsch &amp; Dr. Katrin Bartsch Plastische Chirurgie &amp; \u00c4sthetische Medizin 1190 Wien<\/title>\n<meta name=\"robots\" content=\"index, follow, max-snippet:-1, max-image-preview:large, max-video-preview:-1\" \/>\n<link rel=\"canonical\" href=\"https:\/\/www.theaesthetics.at\/en\/ask-the-team\/topic-body\/\" \/>\n<meta property=\"og:locale\" content=\"en_US\" \/>\n<meta property=\"og:type\" content=\"article\" \/>\n<meta property=\"og:title\" content=\"Body - TheAesthetics Dr. Rolf Bartsch &amp; Dr. Katrin Bartsch Plastische Chirurgie &amp; \u00c4sthetische Medizin 1190 Wien\" \/>\n<meta property=\"og:description\" content=\"Categories BRUST GESICHT ALLGEMEIN Breast Face General Questions about the Body Here you can ask us your questions and our team of experts will answer as soon as possible.If you do not want your name to be public, please use a pseudonymor enter your first name only.\" \/>\n<meta property=\"og:url\" content=\"https:\/\/www.theaesthetics.at\/en\/ask-the-team\/topic-body\/\" \/>\n<meta property=\"og:site_name\" content=\"TheAesthetics Dr. Rolf Bartsch &amp; Dr. Katrin Bartsch Plastische Chirurgie &amp; \u00c4sthetische Medizin 1190 Wien\" \/>\n<meta property=\"article:modified_time\" content=\"2022-05-10T14:53:49+00:00\" \/>\n<meta property=\"og:image\" content=\"https:\/\/www.theaesthetics.at\/wp-content\/uploads\/2022\/02\/FAQ_brust.jpg\" \/>\n<meta name=\"twitter:card\" content=\"summary_large_image\" \/>\n<meta name=\"twitter:label1\" content=\"Est. reading time\" \/>\n\t<meta name=\"twitter:data1\" content=\"1 minute\" \/>\n<script type=\"application\/ld+json\" class=\"yoast-schema-graph\">{\"@context\":\"https:\\\/\\\/schema.org\",\"@graph\":[{\"@type\":\"WebPage\",\"@id\":\"https:\\\/\\\/www.theaesthetics.at\\\/en\\\/ask-the-team\\\/topic-body\\\/\",\"url\":\"https:\\\/\\\/www.theaesthetics.at\\\/en\\\/ask-the-team\\\/topic-body\\\/\",\"name\":\"Body - TheAesthetics Dr. Rolf Bartsch &amp; Dr. Katrin Bartsch Plastische Chirurgie &amp; \u00c4sthetische Medizin 1190 Wien\",\"isPartOf\":{\"@id\":\"https:\\\/\\\/www.theaesthetics.at\\\/en\\\/#website\"},\"primaryImageOfPage\":{\"@id\":\"https:\\\/\\\/www.theaesthetics.at\\\/en\\\/ask-the-team\\\/topic-body\\\/#primaryimage\"},\"image\":{\"@id\":\"https:\\\/\\\/www.theaesthetics.at\\\/en\\\/ask-the-team\\\/topic-body\\\/#primaryimage\"},\"thumbnailUrl\":\"https:\\\/\\\/www.theaesthetics.at\\\/wp-content\\\/uploads\\\/2022\\\/02\\\/FAQ_brust.jpg\",\"datePublished\":\"2022-02-17T15:02:02+00:00\",\"dateModified\":\"2022-05-10T14:53:49+00:00\",\"breadcrumb\":{\"@id\":\"https:\\\/\\\/www.theaesthetics.at\\\/en\\\/ask-the-team\\\/topic-body\\\/#breadcrumb\"},\"inLanguage\":\"en-US\",\"potentialAction\":[{\"@type\":\"ReadAction\",\"target\":[\"https:\\\/\\\/www.theaesthetics.at\\\/en\\\/ask-the-team\\\/topic-body\\\/\"]}]},{\"@type\":\"ImageObject\",\"inLanguage\":\"en-US\",\"@id\":\"https:\\\/\\\/www.theaesthetics.at\\\/en\\\/ask-the-team\\\/topic-body\\\/#primaryimage\",\"url\":\"https:\\\/\\\/www.theaesthetics.at\\\/wp-content\\\/uploads\\\/2022\\\/02\\\/FAQ_brust.jpg\",\"contentUrl\":\"https:\\\/\\\/www.theaesthetics.at\\\/wp-content\\\/uploads\\\/2022\\\/02\\\/FAQ_brust.jpg\"},{\"@type\":\"BreadcrumbList\",\"@id\":\"https:\\\/\\\/www.theaesthetics.at\\\/en\\\/ask-the-team\\\/topic-body\\\/#breadcrumb\",\"itemListElement\":[{\"@type\":\"ListItem\",\"position\":1,\"name\":\"Startseite\",\"item\":\"https:\\\/\\\/www.theaesthetics.at\\\/en\\\/\"},{\"@type\":\"ListItem\",\"position\":2,\"name\":\"Ask the team\",\"item\":\"https:\\\/\\\/www.theaesthetics.at\\\/en\\\/ask-the-team\\\/\"},{\"@type\":\"ListItem\",\"position\":3,\"name\":\"Body\"}]},{\"@type\":\"WebSite\",\"@id\":\"https:\\\/\\\/www.theaesthetics.at\\\/en\\\/#website\",\"url\":\"https:\\\/\\\/www.theaesthetics.at\\\/en\\\/\",\"name\":\"TheAesthetics Dr. Rolf Bartsch &amp; Dr. Katrin Bartsch Plastische Chirurgie &amp; \u00c4sthetische Medizin 1190 Wien\",\"description\":\"Bei Dr. Bartsch - The Aesthetics Wien - werden plastisch-chirurgische und nicht invasive \u00e4sthetische Behandlungen ma\u00dfgeschneidert durchgef\u00fchrt.\",\"potentialAction\":[{\"@type\":\"SearchAction\",\"target\":{\"@type\":\"EntryPoint\",\"urlTemplate\":\"https:\\\/\\\/www.theaesthetics.at\\\/en\\\/?s={search_term_string}\"},\"query-input\":{\"@type\":\"PropertyValueSpecification\",\"valueRequired\":true,\"valueName\":\"search_term_string\"}}],\"inLanguage\":\"en-US\"}]}<\/script>\n<!-- \/ Yoast SEO plugin. -->","yoast_head_json":{"title":"Body - TheAesthetics Dr. Rolf Bartsch &amp; Dr. Katrin Bartsch Plastische Chirurgie &amp; \u00c4sthetische Medizin 1190 Wien","robots":{"index":"index","follow":"follow","max-snippet":"max-snippet:-1","max-image-preview":"max-image-preview:large","max-video-preview":"max-video-preview:-1"},"canonical":"https:\/\/www.theaesthetics.at\/en\/ask-the-team\/topic-body\/","og_locale":"en_US","og_type":"article","og_title":"Body - TheAesthetics Dr. Rolf Bartsch &amp; Dr. Katrin Bartsch Plastische Chirurgie &amp; \u00c4sthetische Medizin 1190 Wien","og_description":"Categories BRUST GESICHT ALLGEMEIN Breast Face General Questions about the Body Here you can ask us your questions and our team of experts will answer as soon as possible.If you do not want your name to be public, please use a pseudonymor enter your first name only.","og_url":"https:\/\/www.theaesthetics.at\/en\/ask-the-team\/topic-body\/","og_site_name":"TheAesthetics Dr. Rolf Bartsch &amp; Dr. Katrin Bartsch Plastische Chirurgie &amp; \u00c4sthetische Medizin 1190 Wien","article_modified_time":"2022-05-10T14:53:49+00:00","og_image":[{"url":"https:\/\/www.theaesthetics.at\/wp-content\/uploads\/2022\/02\/FAQ_brust.jpg","type":"","width":"","height":""}],"twitter_card":"summary_large_image","twitter_misc":{"Est. reading time":"1 minute"},"schema":{"@context":"https:\/\/schema.org","@graph":[{"@type":"WebPage","@id":"https:\/\/www.theaesthetics.at\/en\/ask-the-team\/topic-body\/","url":"https:\/\/www.theaesthetics.at\/en\/ask-the-team\/topic-body\/","name":"Body - TheAesthetics Dr. Rolf Bartsch &amp; Dr. Katrin Bartsch Plastische Chirurgie &amp; \u00c4sthetische Medizin 1190 Wien","isPartOf":{"@id":"https:\/\/www.theaesthetics.at\/en\/#website"},"primaryImageOfPage":{"@id":"https:\/\/www.theaesthetics.at\/en\/ask-the-team\/topic-body\/#primaryimage"},"image":{"@id":"https:\/\/www.theaesthetics.at\/en\/ask-the-team\/topic-body\/#primaryimage"},"thumbnailUrl":"https:\/\/www.theaesthetics.at\/wp-content\/uploads\/2022\/02\/FAQ_brust.jpg","datePublished":"2022-02-17T15:02:02+00:00","dateModified":"2022-05-10T14:53:49+00:00","breadcrumb":{"@id":"https:\/\/www.theaesthetics.at\/en\/ask-the-team\/topic-body\/#breadcrumb"},"inLanguage":"en-US","potentialAction":[{"@type":"ReadAction","target":["https:\/\/www.theaesthetics.at\/en\/ask-the-team\/topic-body\/"]}]},{"@type":"ImageObject","inLanguage":"en-US","@id":"https:\/\/www.theaesthetics.at\/en\/ask-the-team\/topic-body\/#primaryimage","url":"https:\/\/www.theaesthetics.at\/wp-content\/uploads\/2022\/02\/FAQ_brust.jpg","contentUrl":"https:\/\/www.theaesthetics.at\/wp-content\/uploads\/2022\/02\/FAQ_brust.jpg"},{"@type":"BreadcrumbList","@id":"https:\/\/www.theaesthetics.at\/en\/ask-the-team\/topic-body\/#breadcrumb","itemListElement":[{"@type":"ListItem","position":1,"name":"Startseite","item":"https:\/\/www.theaesthetics.at\/en\/"},{"@type":"ListItem","position":2,"name":"Ask the team","item":"https:\/\/www.theaesthetics.at\/en\/ask-the-team\/"},{"@type":"ListItem","position":3,"name":"Body"}]},{"@type":"WebSite","@id":"https:\/\/www.theaesthetics.at\/en\/#website","url":"https:\/\/www.theaesthetics.at\/en\/","name":"TheAesthetics Dr. Rolf Bartsch &amp; Dr. Katrin Bartsch Plastische Chirurgie &amp; \u00c4sthetische Medizin 1190 Wien","description":"Bei Dr. Bartsch - The Aesthetics Wien - werden plastisch-chirurgische und nicht invasive \u00e4sthetische Behandlungen ma\u00dfgeschneidert durchgef\u00fchrt.","potentialAction":[{"@type":"SearchAction","target":{"@type":"EntryPoint","urlTemplate":"https:\/\/www.theaesthetics.at\/en\/?s={search_term_string}"},"query-input":{"@type":"PropertyValueSpecification","valueRequired":true,"valueName":"search_term_string"}}],"inLanguage":"en-US"}]}},"_links":{"self":[{"href":"https:\/\/www.theaesthetics.at\/en\/wp-json\/wp\/v2\/pages\/8941","targetHints":{"allow":["GET"]}}],"collection":[{"href":"https:\/\/www.theaesthetics.at\/en\/wp-json\/wp\/v2\/pages"}],"about":[{"href":"https:\/\/www.theaesthetics.at\/en\/wp-json\/wp\/v2\/types\/page"}],"author":[{"embeddable":true,"href":"https:\/\/www.theaesthetics.at\/en\/wp-json\/wp\/v2\/users\/5"}],"replies":[{"embeddable":true,"href":"https:\/\/www.theaesthetics.at\/en\/wp-json\/wp\/v2\/comments?post=8941"}],"version-history":[{"count":0,"href":"https:\/\/www.theaesthetics.at\/en\/wp-json\/wp\/v2\/pages\/8941\/revisions"}],"up":[{"embeddable":true,"href":"https:\/\/www.theaesthetics.at\/en\/wp-json\/wp\/v2\/pages\/8137"}],"wp:attachment":[{"href":"https:\/\/www.theaesthetics.at\/en\/wp-json\/wp\/v2\/media?parent=8941"}],"curies":[{"name":"wp","href":"https:\/\/api.w.org\/{rel}","templated":true}]}}