{"id":8137,"date":"2021-10-14T12:10:54","date_gmt":"2021-10-14T10:10:54","guid":{"rendered":"https:\/\/dev.theaesthetics.at\/frag-das-team\/"},"modified":"2022-02-25T17:44:33","modified_gmt":"2022-02-25T16:44:33","slug":"ask-the-team","status":"publish","type":"page","link":"https:\/\/www.theaesthetics.at\/en\/ask-the-team\/","title":{"rendered":"Ask the team"},"content":{"rendered":"\t\t<div data-elementor-type=\"wp-page\" data-elementor-id=\"8137\" class=\"elementor elementor-8137 elementor-23\" data-elementor-post-type=\"page\">\n\t\t\t\t\t\t<section class=\"elementor-section elementor-top-section elementor-element elementor-element-e7598e8 elementor-section-stretched elementor-section-boxed elementor-section-height-default elementor-section-height-default\" data-id=\"e7598e8\" data-element_type=\"section\" data-e-type=\"section\" data-settings=\"{&quot;stretch_section&quot;:&quot;section-stretched&quot;}\">\n\t\t\t\t\t\t<div class=\"elementor-container elementor-column-gap-default\">\n\t\t\t\t\t<div class=\"elementor-column elementor-col-100 elementor-top-column elementor-element elementor-element-8cdd665\" data-id=\"8cdd665\" data-element_type=\"column\" data-e-type=\"column\">\n\t\t\t<div class=\"elementor-widget-wrap elementor-element-populated\">\n\t\t\t\t\t\t<div class=\"elementor-text-editor elementor-element elementor-element-663d383 elementor-widget elementor-widget-text-editor\" data-id=\"663d383\" data-element_type=\"widget\" data-e-type=\"widget\" data-widget_type=\"text-editor.default\">\n\t\t\t\t<div class=\"elementor-widget-container\">\n\t\t\t\t\t\t\t\t\t<h3>YOUR QUESTIONS<\/h3><h2>OUR ANSWERS<\/h2>\t\t\t\t\t\t\t\t<\/div>\n\t\t\t\t<\/div>\n\t\t\t\t<div class=\"elementor-text-editor elementor-element elementor-element-bd47e78 elementor-widget elementor-widget-text-editor\" data-id=\"bd47e78\" data-element_type=\"widget\" data-e-type=\"widget\" data-widget_type=\"text-editor.default\">\n\t\t\t\t<div class=\"elementor-widget-container\">\n\t\t\t\t\t\t\t\t\t<p>Do you have a question about a plastic or aesthetic treatment? Why not ask us! We will be happy to help!<\/p>\t\t\t\t\t\t\t\t<\/div>\n\t\t\t\t<\/div>\n\t\t\t\t\t<\/div>\n\t\t<\/div>\n\t\t\t\t\t<\/div>\n\t\t<\/section>\n\t\t\t\t<section class=\"elementor-section elementor-top-section elementor-element elementor-element-6ce57ab elementor-section-stretched elementor-section-boxed elementor-section-height-default elementor-section-height-default\" data-id=\"6ce57ab\" data-element_type=\"section\" data-e-type=\"section\" data-settings=\"{&quot;stretch_section&quot;:&quot;section-stretched&quot;}\">\n\t\t\t\t\t\t<div class=\"elementor-container elementor-column-gap-default\">\n\t\t\t\t\t<div class=\"elementor-column elementor-col-25 elementor-top-column elementor-element elementor-element-27cfdb5\" data-id=\"27cfdb5\" data-element_type=\"column\" data-e-type=\"column\" data-settings=\"{&quot;background_background&quot;:&quot;classic&quot;}\">\n\t\t\t<div class=\"elementor-widget-wrap elementor-element-populated\">\n\t\t\t\t\t\t<section class=\"elementor-section elementor-inner-section elementor-element elementor-element-44e1528 elementor-section-boxed elementor-section-height-default elementor-section-height-default\" data-id=\"44e1528\" data-element_type=\"section\" data-e-type=\"section\">\n\t\t\t\t\t\t<div class=\"elementor-container elementor-column-gap-default\">\n\t\t\t\t\t<div class=\"raven-column-link elementor-column elementor-col-100 elementor-inner-column elementor-element elementor-element-69c28a1\" data-raven-link=\"https:\/\/www.theaesthetics.at\/en\/ask-the-team\/breast-surgery\/\" data-raven-link-target=\"_self\" data-id=\"69c28a1\" data-element_type=\"column\" data-e-type=\"column\">\n\t\t\t<div class=\"elementor-widget-wrap elementor-element-populated\">\n\t\t\t\t\t\t<div class=\"elementor-element elementor-element-e567079 elementor-widget elementor-widget-image\" data-id=\"e567079\" data-element_type=\"widget\" data-e-type=\"widget\" data-widget_type=\"image.default\">\n\t\t\t\t<div class=\"elementor-widget-container\">\n\t\t\t\t\t\t\t\t\t\t\t\t\t\t\t<img fetchpriority=\"high\" decoding=\"async\" width=\"850\" height=\"850\" src=\"https:\/\/www.theaesthetics.at\/wp-content\/uploads\/2021\/10\/collage_10.jpg\" class=\"attachment-full size-full wp-image-349\" alt=\"Brustvergr\u00f6\u00dferung\" srcset=\"https:\/\/www.theaesthetics.at\/wp-content\/uploads\/2021\/10\/collage_10.jpg 850w, https:\/\/www.theaesthetics.at\/wp-content\/uploads\/2021\/10\/collage_10-300x300.jpg 300w, https:\/\/www.theaesthetics.at\/wp-content\/uploads\/2021\/10\/collage_10-150x150.jpg 150w, https:\/\/www.theaesthetics.at\/wp-content\/uploads\/2021\/10\/collage_10-768x768.jpg 768w, https:\/\/www.theaesthetics.at\/wp-content\/uploads\/2021\/10\/collage_10-500x500.jpg 500w\" sizes=\"(max-width: 850px) 100vw, 850px\" \/>\t\t\t\t\t\t\t\t\t\t\t\t\t\t\t<\/div>\n\t\t\t\t<\/div>\n\t\t\t\t\t<\/div>\n\t\t<\/div>\n\t\t\t\t\t<\/div>\n\t\t<\/section>\n\t\t\t\t<section class=\"elementor-section elementor-inner-section elementor-element elementor-element-3bef2b6 elementor-section-boxed elementor-section-height-default elementor-section-height-default\" data-id=\"3bef2b6\" data-element_type=\"section\" data-e-type=\"section\">\n\t\t\t\t\t\t<div class=\"elementor-container elementor-column-gap-default\">\n\t\t\t\t\t<div class=\"elementor-column elementor-col-100 elementor-inner-column elementor-element elementor-element-aabaa2e\" data-id=\"aabaa2e\" data-element_type=\"column\" data-e-type=\"column\">\n\t\t\t<div class=\"elementor-widget-wrap elementor-element-populated\">\n\t\t\t\t\t\t<div class=\"elementor-text-editor elementor-element elementor-element-0524552 elementor-widget elementor-widget-text-editor\" data-id=\"0524552\" data-element_type=\"widget\" data-e-type=\"widget\" data-widget_type=\"text-editor.default\">\n\t\t\t\t<div class=\"elementor-widget-container\">\n\t\t\t\t\t\t\t\t\t<h5>BREAST<\/h5>\t\t\t\t\t\t\t\t<\/div>\n\t\t\t\t<\/div>\n\t\t\t\t\t<\/div>\n\t\t<\/div>\n\t\t\t\t\t<\/div>\n\t\t<\/section>\n\t\t\t\t\t<\/div>\n\t\t<\/div>\n\t\t\t\t<div class=\"raven-column-link elementor-column elementor-col-25 elementor-top-column elementor-element elementor-element-4012eba\" data-raven-link=\"https:\/\/www.theaesthetics.at\/en\/ask-the-team\/face\/\" data-raven-link-target=\"_self\" data-id=\"4012eba\" data-element_type=\"column\" data-e-type=\"column\" data-settings=\"{&quot;background_background&quot;:&quot;classic&quot;}\">\n\t\t\t<div class=\"elementor-widget-wrap elementor-element-populated\">\n\t\t\t\t\t\t<section class=\"elementor-section elementor-inner-section elementor-element elementor-element-e2c9be6 elementor-section-boxed elementor-section-height-default elementor-section-height-default\" data-id=\"e2c9be6\" data-element_type=\"section\" data-e-type=\"section\">\n\t\t\t\t\t\t<div class=\"elementor-container elementor-column-gap-default\">\n\t\t\t\t\t<div class=\"elementor-column elementor-col-100 elementor-inner-column elementor-element elementor-element-a5535c0\" data-id=\"a5535c0\" data-element_type=\"column\" data-e-type=\"column\">\n\t\t\t<div class=\"elementor-widget-wrap elementor-element-populated\">\n\t\t\t\t\t\t<div class=\"elementor-element elementor-element-0c55b09 elementor-widget elementor-widget-image\" data-id=\"0c55b09\" data-element_type=\"widget\" data-e-type=\"widget\" data-widget_type=\"image.default\">\n\t\t\t\t<div class=\"elementor-widget-container\">\n\t\t\t\t\t\t\t\t\t\t\t\t\t\t\t<img decoding=\"async\" width=\"300\" height=\"300\" src=\"https:\/\/www.theaesthetics.at\/wp-content\/uploads\/2021\/10\/tae_face_1-300x300-1.jpg\" class=\"attachment-full size-full wp-image-372\" alt=\"\" srcset=\"https:\/\/www.theaesthetics.at\/wp-content\/uploads\/2021\/10\/tae_face_1-300x300-1.jpg 300w, https:\/\/www.theaesthetics.at\/wp-content\/uploads\/2021\/10\/tae_face_1-300x300-1-150x150.jpg 150w\" sizes=\"(max-width: 300px) 100vw, 300px\" \/>\t\t\t\t\t\t\t\t\t\t\t\t\t\t\t<\/div>\n\t\t\t\t<\/div>\n\t\t\t\t\t<\/div>\n\t\t<\/div>\n\t\t\t\t\t<\/div>\n\t\t<\/section>\n\t\t\t\t<section class=\"elementor-section elementor-inner-section elementor-element elementor-element-725e21b elementor-section-boxed elementor-section-height-default elementor-section-height-default\" data-id=\"725e21b\" data-element_type=\"section\" data-e-type=\"section\">\n\t\t\t\t\t\t<div class=\"elementor-container elementor-column-gap-default\">\n\t\t\t\t\t<div class=\"elementor-column elementor-col-100 elementor-inner-column elementor-element elementor-element-2fdd8ca\" data-id=\"2fdd8ca\" data-element_type=\"column\" data-e-type=\"column\">\n\t\t\t<div class=\"elementor-widget-wrap elementor-element-populated\">\n\t\t\t\t\t\t<div class=\"elementor-text-editor elementor-element elementor-element-07897eb elementor-widget elementor-widget-text-editor\" data-id=\"07897eb\" data-element_type=\"widget\" data-e-type=\"widget\" data-widget_type=\"text-editor.default\">\n\t\t\t\t<div class=\"elementor-widget-container\">\n\t\t\t\t\t\t\t\t\t<h5>FACE<\/h5>\t\t\t\t\t\t\t\t<\/div>\n\t\t\t\t<\/div>\n\t\t\t\t\t<\/div>\n\t\t<\/div>\n\t\t\t\t\t<\/div>\n\t\t<\/section>\n\t\t\t\t\t<\/div>\n\t\t<\/div>\n\t\t\t\t<div class=\"raven-column-link elementor-column elementor-col-25 elementor-top-column elementor-element elementor-element-2d3b7e1\" data-raven-link=\"https:\/\/www.theaesthetics.at\/en\/ask-the-team\/body\/\" data-raven-link-target=\"_self\" data-id=\"2d3b7e1\" data-element_type=\"column\" data-e-type=\"column\" data-settings=\"{&quot;background_background&quot;:&quot;classic&quot;}\">\n\t\t\t<div class=\"elementor-widget-wrap elementor-element-populated\">\n\t\t\t\t\t\t<section class=\"elementor-section elementor-inner-section elementor-element elementor-element-0052508 elementor-section-boxed elementor-section-height-default elementor-section-height-default\" data-id=\"0052508\" data-element_type=\"section\" data-e-type=\"section\">\n\t\t\t\t\t\t<div class=\"elementor-container elementor-column-gap-default\">\n\t\t\t\t\t<div class=\"elementor-column elementor-col-100 elementor-inner-column elementor-element elementor-element-feb7cda\" data-id=\"feb7cda\" data-element_type=\"column\" data-e-type=\"column\">\n\t\t\t<div class=\"elementor-widget-wrap elementor-element-populated\">\n\t\t\t\t\t\t<div class=\"elementor-element elementor-element-8aab40e elementor-widget elementor-widget-image\" data-id=\"8aab40e\" data-element_type=\"widget\" data-e-type=\"widget\" data-widget_type=\"image.default\">\n\t\t\t\t<div class=\"elementor-widget-container\">\n\t\t\t\t\t\t\t\t\t\t\t\t\t\t\t<img decoding=\"async\" width=\"2560\" height=\"2560\" src=\"https:\/\/www.theaesthetics.at\/wp-content\/uploads\/2021\/10\/collage_3-scaled.jpg\" class=\"attachment-full size-full wp-image-346\" alt=\"\" srcset=\"https:\/\/www.theaesthetics.at\/wp-content\/uploads\/2021\/10\/collage_3-scaled.jpg 2560w, https:\/\/www.theaesthetics.at\/wp-content\/uploads\/2021\/10\/collage_3-300x300.jpg 300w, https:\/\/www.theaesthetics.at\/wp-content\/uploads\/2021\/10\/collage_3-1024x1024.jpg 1024w, https:\/\/www.theaesthetics.at\/wp-content\/uploads\/2021\/10\/collage_3-150x150.jpg 150w, https:\/\/www.theaesthetics.at\/wp-content\/uploads\/2021\/10\/collage_3-768x768.jpg 768w, https:\/\/www.theaesthetics.at\/wp-content\/uploads\/2021\/10\/collage_3-1536x1536.jpg 1536w, https:\/\/www.theaesthetics.at\/wp-content\/uploads\/2021\/10\/collage_3-2048x2048.jpg 2048w, https:\/\/www.theaesthetics.at\/wp-content\/uploads\/2021\/10\/collage_3-500x500.jpg 500w\" sizes=\"(max-width: 2560px) 100vw, 2560px\" \/>\t\t\t\t\t\t\t\t\t\t\t\t\t\t\t<\/div>\n\t\t\t\t<\/div>\n\t\t\t\t\t<\/div>\n\t\t<\/div>\n\t\t\t\t\t<\/div>\n\t\t<\/section>\n\t\t\t\t<section class=\"elementor-section elementor-inner-section elementor-element elementor-element-35c4508 elementor-section-boxed elementor-section-height-default elementor-section-height-default\" data-id=\"35c4508\" data-element_type=\"section\" data-e-type=\"section\">\n\t\t\t\t\t\t<div class=\"elementor-container elementor-column-gap-default\">\n\t\t\t\t\t<div class=\"elementor-column elementor-col-100 elementor-inner-column elementor-element elementor-element-d065f4d\" data-id=\"d065f4d\" data-element_type=\"column\" data-e-type=\"column\">\n\t\t\t<div class=\"elementor-widget-wrap elementor-element-populated\">\n\t\t\t\t\t\t<div class=\"elementor-text-editor elementor-element elementor-element-a9ff5a9 elementor-widget elementor-widget-text-editor\" data-id=\"a9ff5a9\" data-element_type=\"widget\" data-e-type=\"widget\" data-widget_type=\"text-editor.default\">\n\t\t\t\t<div class=\"elementor-widget-container\">\n\t\t\t\t\t\t\t\t\t<h5>BODY<\/h5>\t\t\t\t\t\t\t\t<\/div>\n\t\t\t\t<\/div>\n\t\t\t\t\t<\/div>\n\t\t<\/div>\n\t\t\t\t\t<\/div>\n\t\t<\/section>\n\t\t\t\t\t<\/div>\n\t\t<\/div>\n\t\t\t\t<div class=\"raven-column-link elementor-column elementor-col-25 elementor-top-column elementor-element elementor-element-3eec7b3\" data-raven-link=\"https:\/\/www.theaesthetics.at\/en\/ask-the-team\/general\/\" data-raven-link-target=\"_self\" data-id=\"3eec7b3\" data-element_type=\"column\" data-e-type=\"column\" data-settings=\"{&quot;background_background&quot;:&quot;classic&quot;}\">\n\t\t\t<div class=\"elementor-widget-wrap elementor-element-populated\">\n\t\t\t\t\t\t<section class=\"elementor-section elementor-inner-section elementor-element elementor-element-dac8488 elementor-section-boxed elementor-section-height-default elementor-section-height-default\" data-id=\"dac8488\" data-element_type=\"section\" data-e-type=\"section\">\n\t\t\t\t\t\t<div class=\"elementor-container elementor-column-gap-default\">\n\t\t\t\t\t<div class=\"elementor-column elementor-col-100 elementor-inner-column elementor-element elementor-element-356c45a\" data-id=\"356c45a\" data-element_type=\"column\" data-e-type=\"column\">\n\t\t\t<div class=\"elementor-widget-wrap elementor-element-populated\">\n\t\t\t\t\t\t<div class=\"elementor-element elementor-element-8f046ec elementor-widget elementor-widget-image\" data-id=\"8f046ec\" data-element_type=\"widget\" data-e-type=\"widget\" data-widget_type=\"image.default\">\n\t\t\t\t<div class=\"elementor-widget-container\">\n\t\t\t\t\t\t\t\t\t\t\t\t\t\t\t<img loading=\"lazy\" decoding=\"async\" width=\"2560\" height=\"1712\" src=\"https:\/\/www.theaesthetics.at\/wp-content\/uploads\/2021\/10\/tae_face_2-scaled.jpg\" class=\"attachment-full size-full wp-image-370\" alt=\"Botox\u00ae \/ Botulinumtoxin\" srcset=\"https:\/\/www.theaesthetics.at\/wp-content\/uploads\/2021\/10\/tae_face_2-scaled.jpg 2560w, https:\/\/www.theaesthetics.at\/wp-content\/uploads\/2021\/10\/tae_face_2-300x201.jpg 300w, https:\/\/www.theaesthetics.at\/wp-content\/uploads\/2021\/10\/tae_face_2-1024x685.jpg 1024w, https:\/\/www.theaesthetics.at\/wp-content\/uploads\/2021\/10\/tae_face_2-768x514.jpg 768w, https:\/\/www.theaesthetics.at\/wp-content\/uploads\/2021\/10\/tae_face_2-1536x1027.jpg 1536w, https:\/\/www.theaesthetics.at\/wp-content\/uploads\/2021\/10\/tae_face_2-2048x1369.jpg 2048w\" sizes=\"(max-width: 2560px) 100vw, 2560px\" \/>\t\t\t\t\t\t\t\t\t\t\t\t\t\t\t<\/div>\n\t\t\t\t<\/div>\n\t\t\t\t\t<\/div>\n\t\t<\/div>\n\t\t\t\t\t<\/div>\n\t\t<\/section>\n\t\t\t\t<section class=\"elementor-section elementor-inner-section elementor-element elementor-element-ed76f6a elementor-section-boxed elementor-section-height-default elementor-section-height-default\" data-id=\"ed76f6a\" data-element_type=\"section\" data-e-type=\"section\">\n\t\t\t\t\t\t<div class=\"elementor-container elementor-column-gap-default\">\n\t\t\t\t\t<div class=\"elementor-column elementor-col-100 elementor-inner-column elementor-element elementor-element-67bb780\" data-id=\"67bb780\" data-element_type=\"column\" data-e-type=\"column\">\n\t\t\t<div class=\"elementor-widget-wrap elementor-element-populated\">\n\t\t\t\t\t\t<div class=\"elementor-text-editor elementor-element elementor-element-6dec43c elementor-widget elementor-widget-text-editor\" data-id=\"6dec43c\" data-element_type=\"widget\" data-e-type=\"widget\" data-widget_type=\"text-editor.default\">\n\t\t\t\t<div class=\"elementor-widget-container\">\n\t\t\t\t\t\t\t\t\t<h5>GENERAL<\/h5>\t\t\t\t\t\t\t\t<\/div>\n\t\t\t\t<\/div>\n\t\t\t\t\t<\/div>\n\t\t<\/div>\n\t\t\t\t\t<\/div>\n\t\t<\/section>\n\t\t\t\t\t<\/div>\n\t\t<\/div>\n\t\t\t\t\t<\/div>\n\t\t<\/section>\n\t\t\t\t<\/div>\n\t\t","protected":false},"excerpt":{"rendered":"<p>YOUR QUESTIONS OUR ANSWERS Do you have a question about a plastic or aesthetic treatment? Why not ask us! We will be happy to help! BREAST FACE BODY GENERAL<\/p>\n","protected":false},"author":2,"featured_media":0,"parent":0,"menu_order":0,"comment_status":"closed","ping_status":"closed","template":"","meta":{"_acf_changed":false,"footnotes":""},"class_list":["post-8137","page","type-page","status-publish","hentry"],"acf":[],"yoast_head":"<!-- This site is optimized with the Yoast SEO plugin v27.4 - https:\/\/yoast.com\/product\/yoast-seo-wordpress\/ -->\n<title>Ask the team - TheAesthetics Dr. Rolf Bartsch &amp; Dr. Katrin Bartsch Plastische Chirurgie &amp; \u00c4sthetische Medizin 1190 Wien<\/title>\n<meta name=\"robots\" content=\"index, follow, max-snippet:-1, max-image-preview:large, max-video-preview:-1\" \/>\n<link rel=\"canonical\" href=\"https:\/\/www.theaesthetics.at\/en\/ask-the-team\/\" \/>\n<meta property=\"og:locale\" content=\"en_US\" \/>\n<meta property=\"og:type\" content=\"article\" \/>\n<meta property=\"og:title\" content=\"Ask the team - TheAesthetics Dr. Rolf Bartsch &amp; Dr. Katrin Bartsch Plastische Chirurgie &amp; \u00c4sthetische Medizin 1190 Wien\" \/>\n<meta property=\"og:description\" content=\"YOUR QUESTIONS OUR ANSWERS Do you have a question about a plastic or aesthetic treatment? Why not ask us! We will be happy to help! BREAST FACE BODY GENERAL\" \/>\n<meta property=\"og:url\" content=\"https:\/\/www.theaesthetics.at\/en\/ask-the-team\/\" \/>\n<meta property=\"og:site_name\" content=\"TheAesthetics Dr. Rolf Bartsch &amp; Dr. Katrin Bartsch Plastische Chirurgie &amp; \u00c4sthetische Medizin 1190 Wien\" \/>\n<meta property=\"article:modified_time\" content=\"2022-02-25T16:44:33+00:00\" \/>\n<meta property=\"og:image\" content=\"https:\/\/www.theaesthetics.at\/wp-content\/uploads\/2021\/10\/collage_10.jpg\" \/>\n<meta name=\"twitter:card\" content=\"summary_large_image\" \/>\n<meta name=\"twitter:label1\" content=\"Est. reading time\" \/>\n\t<meta name=\"twitter:data1\" content=\"1 minute\" \/>\n<script type=\"application\/ld+json\" class=\"yoast-schema-graph\">{\"@context\":\"https:\\\/\\\/schema.org\",\"@graph\":[{\"@type\":\"WebPage\",\"@id\":\"https:\\\/\\\/www.theaesthetics.at\\\/en\\\/ask-the-team\\\/\",\"url\":\"https:\\\/\\\/www.theaesthetics.at\\\/en\\\/ask-the-team\\\/\",\"name\":\"Ask the team - TheAesthetics Dr. Rolf Bartsch &amp; Dr. Katrin Bartsch Plastische Chirurgie &amp; \u00c4sthetische Medizin 1190 Wien\",\"isPartOf\":{\"@id\":\"https:\\\/\\\/www.theaesthetics.at\\\/en\\\/#website\"},\"primaryImageOfPage\":{\"@id\":\"https:\\\/\\\/www.theaesthetics.at\\\/en\\\/ask-the-team\\\/#primaryimage\"},\"image\":{\"@id\":\"https:\\\/\\\/www.theaesthetics.at\\\/en\\\/ask-the-team\\\/#primaryimage\"},\"thumbnailUrl\":\"https:\\\/\\\/www.theaesthetics.at\\\/wp-content\\\/uploads\\\/2021\\\/10\\\/collage_10.jpg\",\"datePublished\":\"2021-10-14T10:10:54+00:00\",\"dateModified\":\"2022-02-25T16:44:33+00:00\",\"breadcrumb\":{\"@id\":\"https:\\\/\\\/www.theaesthetics.at\\\/en\\\/ask-the-team\\\/#breadcrumb\"},\"inLanguage\":\"en-US\",\"potentialAction\":[{\"@type\":\"ReadAction\",\"target\":[\"https:\\\/\\\/www.theaesthetics.at\\\/en\\\/ask-the-team\\\/\"]}]},{\"@type\":\"ImageObject\",\"inLanguage\":\"en-US\",\"@id\":\"https:\\\/\\\/www.theaesthetics.at\\\/en\\\/ask-the-team\\\/#primaryimage\",\"url\":\"https:\\\/\\\/www.theaesthetics.at\\\/wp-content\\\/uploads\\\/2021\\\/10\\\/collage_10.jpg\",\"contentUrl\":\"https:\\\/\\\/www.theaesthetics.at\\\/wp-content\\\/uploads\\\/2021\\\/10\\\/collage_10.jpg\"},{\"@type\":\"BreadcrumbList\",\"@id\":\"https:\\\/\\\/www.theaesthetics.at\\\/en\\\/ask-the-team\\\/#breadcrumb\",\"itemListElement\":[{\"@type\":\"ListItem\",\"position\":1,\"name\":\"Startseite\",\"item\":\"https:\\\/\\\/www.theaesthetics.at\\\/en\\\/\"},{\"@type\":\"ListItem\",\"position\":2,\"name\":\"Ask the team\"}]},{\"@type\":\"WebSite\",\"@id\":\"https:\\\/\\\/www.theaesthetics.at\\\/en\\\/#website\",\"url\":\"https:\\\/\\\/www.theaesthetics.at\\\/en\\\/\",\"name\":\"TheAesthetics Dr. Rolf Bartsch &amp; Dr. Katrin Bartsch Plastische Chirurgie &amp; \u00c4sthetische Medizin 1190 Wien\",\"description\":\"Bei Dr. Bartsch - The Aesthetics Wien - werden plastisch-chirurgische und nicht invasive \u00e4sthetische Behandlungen ma\u00dfgeschneidert durchgef\u00fchrt.\",\"potentialAction\":[{\"@type\":\"SearchAction\",\"target\":{\"@type\":\"EntryPoint\",\"urlTemplate\":\"https:\\\/\\\/www.theaesthetics.at\\\/en\\\/?s={search_term_string}\"},\"query-input\":{\"@type\":\"PropertyValueSpecification\",\"valueRequired\":true,\"valueName\":\"search_term_string\"}}],\"inLanguage\":\"en-US\"}]}<\/script>\n<!-- \/ Yoast SEO plugin. -->","yoast_head_json":{"title":"Ask the team - TheAesthetics Dr. Rolf Bartsch &amp; Dr. Katrin Bartsch Plastische Chirurgie &amp; \u00c4sthetische Medizin 1190 Wien","robots":{"index":"index","follow":"follow","max-snippet":"max-snippet:-1","max-image-preview":"max-image-preview:large","max-video-preview":"max-video-preview:-1"},"canonical":"https:\/\/www.theaesthetics.at\/en\/ask-the-team\/","og_locale":"en_US","og_type":"article","og_title":"Ask the team - TheAesthetics Dr. Rolf Bartsch &amp; Dr. Katrin Bartsch Plastische Chirurgie &amp; \u00c4sthetische Medizin 1190 Wien","og_description":"YOUR QUESTIONS OUR ANSWERS Do you have a question about a plastic or aesthetic treatment? Why not ask us! We will be happy to help! BREAST FACE BODY GENERAL","og_url":"https:\/\/www.theaesthetics.at\/en\/ask-the-team\/","og_site_name":"TheAesthetics Dr. Rolf Bartsch &amp; Dr. Katrin Bartsch Plastische Chirurgie &amp; \u00c4sthetische Medizin 1190 Wien","article_modified_time":"2022-02-25T16:44:33+00:00","og_image":[{"url":"https:\/\/www.theaesthetics.at\/wp-content\/uploads\/2021\/10\/collage_10.jpg","type":"","width":"","height":""}],"twitter_card":"summary_large_image","twitter_misc":{"Est. reading time":"1 minute"},"schema":{"@context":"https:\/\/schema.org","@graph":[{"@type":"WebPage","@id":"https:\/\/www.theaesthetics.at\/en\/ask-the-team\/","url":"https:\/\/www.theaesthetics.at\/en\/ask-the-team\/","name":"Ask the team - TheAesthetics Dr. Rolf Bartsch &amp; Dr. Katrin Bartsch Plastische Chirurgie &amp; \u00c4sthetische Medizin 1190 Wien","isPartOf":{"@id":"https:\/\/www.theaesthetics.at\/en\/#website"},"primaryImageOfPage":{"@id":"https:\/\/www.theaesthetics.at\/en\/ask-the-team\/#primaryimage"},"image":{"@id":"https:\/\/www.theaesthetics.at\/en\/ask-the-team\/#primaryimage"},"thumbnailUrl":"https:\/\/www.theaesthetics.at\/wp-content\/uploads\/2021\/10\/collage_10.jpg","datePublished":"2021-10-14T10:10:54+00:00","dateModified":"2022-02-25T16:44:33+00:00","breadcrumb":{"@id":"https:\/\/www.theaesthetics.at\/en\/ask-the-team\/#breadcrumb"},"inLanguage":"en-US","potentialAction":[{"@type":"ReadAction","target":["https:\/\/www.theaesthetics.at\/en\/ask-the-team\/"]}]},{"@type":"ImageObject","inLanguage":"en-US","@id":"https:\/\/www.theaesthetics.at\/en\/ask-the-team\/#primaryimage","url":"https:\/\/www.theaesthetics.at\/wp-content\/uploads\/2021\/10\/collage_10.jpg","contentUrl":"https:\/\/www.theaesthetics.at\/wp-content\/uploads\/2021\/10\/collage_10.jpg"},{"@type":"BreadcrumbList","@id":"https:\/\/www.theaesthetics.at\/en\/ask-the-team\/#breadcrumb","itemListElement":[{"@type":"ListItem","position":1,"name":"Startseite","item":"https:\/\/www.theaesthetics.at\/en\/"},{"@type":"ListItem","position":2,"name":"Ask the team"}]},{"@type":"WebSite","@id":"https:\/\/www.theaesthetics.at\/en\/#website","url":"https:\/\/www.theaesthetics.at\/en\/","name":"TheAesthetics Dr. Rolf Bartsch &amp; Dr. Katrin Bartsch Plastische Chirurgie &amp; \u00c4sthetische Medizin 1190 Wien","description":"Bei Dr. Bartsch - The Aesthetics Wien - werden plastisch-chirurgische und nicht invasive \u00e4sthetische Behandlungen ma\u00dfgeschneidert durchgef\u00fchrt.","potentialAction":[{"@type":"SearchAction","target":{"@type":"EntryPoint","urlTemplate":"https:\/\/www.theaesthetics.at\/en\/?s={search_term_string}"},"query-input":{"@type":"PropertyValueSpecification","valueRequired":true,"valueName":"search_term_string"}}],"inLanguage":"en-US"}]}},"_links":{"self":[{"href":"https:\/\/www.theaesthetics.at\/en\/wp-json\/wp\/v2\/pages\/8137","targetHints":{"allow":["GET"]}}],"collection":[{"href":"https:\/\/www.theaesthetics.at\/en\/wp-json\/wp\/v2\/pages"}],"about":[{"href":"https:\/\/www.theaesthetics.at\/en\/wp-json\/wp\/v2\/types\/page"}],"author":[{"embeddable":true,"href":"https:\/\/www.theaesthetics.at\/en\/wp-json\/wp\/v2\/users\/2"}],"replies":[{"embeddable":true,"href":"https:\/\/www.theaesthetics.at\/en\/wp-json\/wp\/v2\/comments?post=8137"}],"version-history":[{"count":0,"href":"https:\/\/www.theaesthetics.at\/en\/wp-json\/wp\/v2\/pages\/8137\/revisions"}],"wp:attachment":[{"href":"https:\/\/www.theaesthetics.at\/en\/wp-json\/wp\/v2\/media?parent=8137"}],"curies":[{"name":"wp","href":"https:\/\/api.w.org\/{rel}","templated":true}]}}