{"id":8132,"date":"2021-10-14T12:11:26","date_gmt":"2021-10-14T10:11:26","guid":{"rendered":"https:\/\/dev.theaesthetics.at\/finanzierung\/"},"modified":"2022-02-25T17:29:22","modified_gmt":"2022-02-25T16:29:22","slug":"financing","status":"publish","type":"page","link":"https:\/\/www.theaesthetics.at\/en\/financing\/","title":{"rendered":"Financing"},"content":{"rendered":"\t\t<div data-elementor-type=\"wp-page\" data-elementor-id=\"8132\" class=\"elementor elementor-8132 elementor-25\" data-elementor-post-type=\"page\">\n\t\t\t\t\t\t<section class=\"elementor-section elementor-top-section elementor-element elementor-element-4b17d12 elementor-section-full_width elementor-section-stretched elementor-section-height-min-height elementor-section-height-default elementor-section-items-middle\" data-id=\"4b17d12\" data-element_type=\"section\" data-e-type=\"section\" data-settings=\"{&quot;stretch_section&quot;:&quot;section-stretched&quot;,&quot;background_background&quot;:&quot;classic&quot;}\">\n\t\t\t\t\t\t<div class=\"elementor-container elementor-column-gap-default\">\n\t\t\t\t\t<div class=\"elementor-column elementor-col-100 elementor-top-column elementor-element elementor-element-8453652\" data-id=\"8453652\" data-element_type=\"column\" data-e-type=\"column\">\n\t\t\t<div class=\"elementor-widget-wrap\">\n\t\t\t\t\t\t\t<\/div>\n\t\t<\/div>\n\t\t\t\t\t<\/div>\n\t\t<\/section>\n\t\t\t\t<section class=\"elementor-section elementor-top-section elementor-element elementor-element-a0f977b elementor-section-stretched elementor-section-boxed elementor-section-height-default elementor-section-height-default\" data-id=\"a0f977b\" data-element_type=\"section\" data-e-type=\"section\" data-settings=\"{&quot;stretch_section&quot;:&quot;section-stretched&quot;}\">\n\t\t\t\t\t\t<div class=\"elementor-container elementor-column-gap-default\">\n\t\t\t\t\t<div class=\"elementor-column elementor-col-100 elementor-top-column elementor-element elementor-element-8548794\" data-id=\"8548794\" data-element_type=\"column\" data-e-type=\"column\">\n\t\t\t<div class=\"elementor-widget-wrap elementor-element-populated\">\n\t\t\t\t\t\t<div class=\"elementor-element elementor-element-5241b31 elementor-widget elementor-widget-image\" data-id=\"5241b31\" data-element_type=\"widget\" data-e-type=\"widget\" data-widget_type=\"image.default\">\n\t\t\t\t<div class=\"elementor-widget-container\">\n\t\t\t\t\t\t\t\t\t\t\t\t\t\t\t\t<a href=\"https:\/\/finanzierung.theaesthetics.at\" target=\"_blank\">\n\t\t\t\t\t\t\t<img decoding=\"async\" width=\"300\" height=\"69\" src=\"https:\/\/www.theaesthetics.at\/wp-content\/uploads\/2021\/11\/ae-finance-logo.png\" class=\"attachment-full size-full wp-image-2515\" alt=\"\" \/>\t\t\t\t\t\t\t\t<\/a>\n\t\t\t\t\t\t\t\t\t\t\t\t\t\t\t<\/div>\n\t\t\t\t<\/div>\n\t\t\t\t<div class=\"elementor-text-editor elementor-element elementor-element-cda8bb9 elementor-widget elementor-widget-text-editor\" data-id=\"cda8bb9\" data-element_type=\"widget\" data-e-type=\"widget\" data-widget_type=\"text-editor.default\">\n\t\t\t\t<div class=\"elementor-widget-container\">\n\t\t\t\t\t\t\t\t\t<p>In addition to the many aspects to think about when wishing to make a physical change, there is of course often the question of financing.<\/p>\t\t\t\t\t\t\t\t<\/div>\n\t\t\t\t<\/div>\n\t\t\t\t<div class=\"elementor-text-editor elementor-element elementor-element-27e1f90 elementor-widget elementor-widget-text-editor\" data-id=\"27e1f90\" data-element_type=\"widget\" data-e-type=\"widget\" data-widget_type=\"text-editor.default\">\n\t\t\t\t<div class=\"elementor-widget-container\">\n\t\t\t\t\t\t\t\t\t<p><a style=\"color: inherit;\" href=\"https:\/\/finanzierung.theaesthetics.at\" target=\"_blank\" rel=\"noopener\">https:\/\/finanzierung.theaesthetics.at<\/a><\/p>\t\t\t\t\t\t\t\t<\/div>\n\t\t\t\t<\/div>\n\t\t\t\t<div class=\"elementor-text-editor elementor-element elementor-element-04c8861 elementor-widget elementor-widget-text-editor\" data-id=\"04c8861\" data-element_type=\"widget\" data-e-type=\"widget\" data-widget_type=\"text-editor.default\">\n\t\t\t\t<div class=\"elementor-widget-container\">\n\t\t\t\t\t\t\t\t\t<p>Here you will find an alternative option to prepayment and you can immediately create and apply for your personal financing plan.<\/p>\t\t\t\t\t\t\t\t<\/div>\n\t\t\t\t<\/div>\n\t\t\t\t\t<\/div>\n\t\t<\/div>\n\t\t\t\t\t<\/div>\n\t\t<\/section>\n\t\t\t\t<section class=\"elementor-section elementor-top-section elementor-element elementor-element-35016f9b elementor-section-stretched elementor-section-boxed elementor-section-height-default elementor-section-height-default\" data-id=\"35016f9b\" data-element_type=\"section\" data-e-type=\"section\" data-settings=\"{&quot;stretch_section&quot;:&quot;section-stretched&quot;,&quot;background_background&quot;:&quot;classic&quot;}\">\n\t\t\t\t\t\t<div class=\"elementor-container elementor-column-gap-default\">\n\t\t\t\t\t<div class=\"elementor-column elementor-col-100 elementor-top-column elementor-element elementor-element-22c56038\" data-id=\"22c56038\" data-element_type=\"column\" data-e-type=\"column\">\n\t\t\t<div class=\"elementor-widget-wrap elementor-element-populated\">\n\t\t\t\t\t\t<div class=\"elementor-text-editor elementor-element elementor-element-350cde7b elementor-widget elementor-widget-text-editor\" data-id=\"350cde7b\" data-element_type=\"widget\" data-e-type=\"widget\" data-widget_type=\"text-editor.default\">\n\t\t\t\t<div class=\"elementor-widget-container\">\n\t\t\t\t\t\t\t\t\tSTAY INFORMED\t\t\t\t\t\t\t\t<\/div>\n\t\t\t\t<\/div>\n\t\t\t\t<div class=\"elementor-text-editor elementor-element elementor-element-1bacaa8e elementor-widget elementor-widget-text-editor\" data-id=\"1bacaa8e\" data-element_type=\"widget\" data-e-type=\"widget\" data-widget_type=\"text-editor.default\">\n\t\t\t\t<div class=\"elementor-widget-container\">\n\t\t\t\t\t\t\t\t\t<p>You want to know what&#8217;s NEW<br \/>in the world of Botox, Filler &amp; Co?<br \/>Simply inFORMed with the team from theaesthetics<\/p>\t\t\t\t\t\t\t\t<\/div>\n\t\t\t\t<\/div>\n\t\t\t\t<div class=\"elementor-element elementor-element-1d001fd6 elementor-widget elementor-widget-shortcode\" data-id=\"1d001fd6\" data-element_type=\"widget\" data-e-type=\"widget\" id=\"viktor_newsletter_button\" data-widget_type=\"shortcode.default\">\n\t\t\t\t<div class=\"elementor-widget-container\">\n\t\t\t\t\t\t\t<div class=\"elementor-shortcode\"><form id=\"forminator-module-258\" class=\"forminator-custom-form forminator-custom-form-258\" method=\"post\" data-forminator-render=\"0\" data-uid=\"6a06fd97eba98\"><div role=\"alert\" aria-live=\"polite\" class=\"forminator-response-message forminator-error\" aria-hidden=\"true\"><\/div><\/form><\/div>\n\t\t\t\t\t\t<\/div>\n\t\t\t\t<\/div>\n\t\t\t\t\t<\/div>\n\t\t<\/div>\n\t\t\t\t\t<\/div>\n\t\t<\/section>\n\t\t\t\t<\/div>\n\t\t","protected":false},"excerpt":{"rendered":"<p>In addition to the many aspects to think about when wishing to make a physical change, there is of course often the question of financing. https:\/\/finanzierung.theaesthetics.at Here you will find an alternative option to prepayment and you can immediately create and apply for your personal financing plan. STAY INFORMED You want to know what&#8217;s NEWin [&hellip;]<\/p>\n","protected":false},"author":2,"featured_media":0,"parent":0,"menu_order":0,"comment_status":"closed","ping_status":"closed","template":"","meta":{"_acf_changed":false,"footnotes":""},"class_list":["post-8132","page","type-page","status-publish","hentry"],"acf":[],"yoast_head":"<!-- This site is optimized with the Yoast SEO plugin v27.5 - https:\/\/yoast.com\/product\/yoast-seo-wordpress\/ -->\n<title>Financing - TheAesthetics Dr. Rolf Bartsch &amp; Dr. Katrin Bartsch Plastische Chirurgie &amp; \u00c4sthetische Medizin 1190 Wien<\/title>\n<meta name=\"robots\" content=\"index, follow, max-snippet:-1, max-image-preview:large, max-video-preview:-1\" \/>\n<link rel=\"canonical\" href=\"https:\/\/www.theaesthetics.at\/en\/financing\/\" \/>\n<meta property=\"og:locale\" content=\"en_US\" \/>\n<meta property=\"og:type\" content=\"article\" \/>\n<meta property=\"og:title\" content=\"Financing - TheAesthetics Dr. Rolf Bartsch &amp; Dr. Katrin Bartsch Plastische Chirurgie &amp; \u00c4sthetische Medizin 1190 Wien\" \/>\n<meta property=\"og:description\" content=\"In addition to the many aspects to think about when wishing to make a physical change, there is of course often the question of financing. https:\/\/finanzierung.theaesthetics.at Here you will find an alternative option to prepayment and you can immediately create and apply for your personal financing plan. STAY INFORMED You want to know what&#8217;s NEWin [&hellip;]\" \/>\n<meta property=\"og:url\" content=\"https:\/\/www.theaesthetics.at\/en\/financing\/\" \/>\n<meta property=\"og:site_name\" content=\"TheAesthetics Dr. Rolf Bartsch &amp; Dr. Katrin Bartsch Plastische Chirurgie &amp; \u00c4sthetische Medizin 1190 Wien\" \/>\n<meta property=\"article:modified_time\" content=\"2022-02-25T16:29:22+00:00\" \/>\n<meta property=\"og:image\" content=\"https:\/\/www.theaesthetics.at\/wp-content\/uploads\/2021\/11\/ae-finance-logo.png\" \/>\n<meta name=\"twitter:card\" content=\"summary_large_image\" \/>\n<meta name=\"twitter:label1\" content=\"Est. reading time\" \/>\n\t<meta name=\"twitter:data1\" content=\"6 minutes\" \/>\n<script type=\"application\/ld+json\" class=\"yoast-schema-graph\">{\"@context\":\"https:\\\/\\\/schema.org\",\"@graph\":[{\"@type\":\"WebPage\",\"@id\":\"https:\\\/\\\/www.theaesthetics.at\\\/en\\\/financing\\\/\",\"url\":\"https:\\\/\\\/www.theaesthetics.at\\\/en\\\/financing\\\/\",\"name\":\"Financing - TheAesthetics Dr. Rolf Bartsch &amp; Dr. Katrin Bartsch Plastische Chirurgie &amp; \u00c4sthetische Medizin 1190 Wien\",\"isPartOf\":{\"@id\":\"https:\\\/\\\/www.theaesthetics.at\\\/en\\\/#website\"},\"primaryImageOfPage\":{\"@id\":\"https:\\\/\\\/www.theaesthetics.at\\\/en\\\/financing\\\/#primaryimage\"},\"image\":{\"@id\":\"https:\\\/\\\/www.theaesthetics.at\\\/en\\\/financing\\\/#primaryimage\"},\"thumbnailUrl\":\"https:\\\/\\\/www.theaesthetics.at\\\/wp-content\\\/uploads\\\/2021\\\/11\\\/ae-finance-logo.png\",\"datePublished\":\"2021-10-14T10:11:26+00:00\",\"dateModified\":\"2022-02-25T16:29:22+00:00\",\"breadcrumb\":{\"@id\":\"https:\\\/\\\/www.theaesthetics.at\\\/en\\\/financing\\\/#breadcrumb\"},\"inLanguage\":\"en-US\",\"potentialAction\":[{\"@type\":\"ReadAction\",\"target\":[\"https:\\\/\\\/www.theaesthetics.at\\\/en\\\/financing\\\/\"]}]},{\"@type\":\"ImageObject\",\"inLanguage\":\"en-US\",\"@id\":\"https:\\\/\\\/www.theaesthetics.at\\\/en\\\/financing\\\/#primaryimage\",\"url\":\"https:\\\/\\\/www.theaesthetics.at\\\/wp-content\\\/uploads\\\/2021\\\/11\\\/ae-finance-logo.png\",\"contentUrl\":\"https:\\\/\\\/www.theaesthetics.at\\\/wp-content\\\/uploads\\\/2021\\\/11\\\/ae-finance-logo.png\"},{\"@type\":\"BreadcrumbList\",\"@id\":\"https:\\\/\\\/www.theaesthetics.at\\\/en\\\/financing\\\/#breadcrumb\",\"itemListElement\":[{\"@type\":\"ListItem\",\"position\":1,\"name\":\"Startseite\",\"item\":\"https:\\\/\\\/www.theaesthetics.at\\\/en\\\/\"},{\"@type\":\"ListItem\",\"position\":2,\"name\":\"Financing\"}]},{\"@type\":\"WebSite\",\"@id\":\"https:\\\/\\\/www.theaesthetics.at\\\/en\\\/#website\",\"url\":\"https:\\\/\\\/www.theaesthetics.at\\\/en\\\/\",\"name\":\"TheAesthetics Dr. Rolf Bartsch &amp; Dr. Katrin Bartsch Plastische Chirurgie &amp; \u00c4sthetische Medizin 1190 Wien\",\"description\":\"Bei Dr. Bartsch - The Aesthetics Wien - werden plastisch-chirurgische und nicht invasive \u00e4sthetische Behandlungen ma\u00dfgeschneidert durchgef\u00fchrt.\",\"potentialAction\":[{\"@type\":\"SearchAction\",\"target\":{\"@type\":\"EntryPoint\",\"urlTemplate\":\"https:\\\/\\\/www.theaesthetics.at\\\/en\\\/?s={search_term_string}\"},\"query-input\":{\"@type\":\"PropertyValueSpecification\",\"valueRequired\":true,\"valueName\":\"search_term_string\"}}],\"inLanguage\":\"en-US\"}]}<\/script>\n<!-- \/ Yoast SEO plugin. -->","yoast_head_json":{"title":"Financing - TheAesthetics Dr. Rolf Bartsch &amp; Dr. Katrin Bartsch Plastische Chirurgie &amp; \u00c4sthetische Medizin 1190 Wien","robots":{"index":"index","follow":"follow","max-snippet":"max-snippet:-1","max-image-preview":"max-image-preview:large","max-video-preview":"max-video-preview:-1"},"canonical":"https:\/\/www.theaesthetics.at\/en\/financing\/","og_locale":"en_US","og_type":"article","og_title":"Financing - TheAesthetics Dr. Rolf Bartsch &amp; Dr. Katrin Bartsch Plastische Chirurgie &amp; \u00c4sthetische Medizin 1190 Wien","og_description":"In addition to the many aspects to think about when wishing to make a physical change, there is of course often the question of financing. https:\/\/finanzierung.theaesthetics.at Here you will find an alternative option to prepayment and you can immediately create and apply for your personal financing plan. STAY INFORMED You want to know what&#8217;s NEWin [&hellip;]","og_url":"https:\/\/www.theaesthetics.at\/en\/financing\/","og_site_name":"TheAesthetics Dr. Rolf Bartsch &amp; Dr. Katrin Bartsch Plastische Chirurgie &amp; \u00c4sthetische Medizin 1190 Wien","article_modified_time":"2022-02-25T16:29:22+00:00","og_image":[{"url":"https:\/\/www.theaesthetics.at\/wp-content\/uploads\/2021\/11\/ae-finance-logo.png","type":"","width":"","height":""}],"twitter_card":"summary_large_image","twitter_misc":{"Est. reading time":"6 minutes"},"schema":{"@context":"https:\/\/schema.org","@graph":[{"@type":"WebPage","@id":"https:\/\/www.theaesthetics.at\/en\/financing\/","url":"https:\/\/www.theaesthetics.at\/en\/financing\/","name":"Financing - TheAesthetics Dr. Rolf Bartsch &amp; Dr. Katrin Bartsch Plastische Chirurgie &amp; \u00c4sthetische Medizin 1190 Wien","isPartOf":{"@id":"https:\/\/www.theaesthetics.at\/en\/#website"},"primaryImageOfPage":{"@id":"https:\/\/www.theaesthetics.at\/en\/financing\/#primaryimage"},"image":{"@id":"https:\/\/www.theaesthetics.at\/en\/financing\/#primaryimage"},"thumbnailUrl":"https:\/\/www.theaesthetics.at\/wp-content\/uploads\/2021\/11\/ae-finance-logo.png","datePublished":"2021-10-14T10:11:26+00:00","dateModified":"2022-02-25T16:29:22+00:00","breadcrumb":{"@id":"https:\/\/www.theaesthetics.at\/en\/financing\/#breadcrumb"},"inLanguage":"en-US","potentialAction":[{"@type":"ReadAction","target":["https:\/\/www.theaesthetics.at\/en\/financing\/"]}]},{"@type":"ImageObject","inLanguage":"en-US","@id":"https:\/\/www.theaesthetics.at\/en\/financing\/#primaryimage","url":"https:\/\/www.theaesthetics.at\/wp-content\/uploads\/2021\/11\/ae-finance-logo.png","contentUrl":"https:\/\/www.theaesthetics.at\/wp-content\/uploads\/2021\/11\/ae-finance-logo.png"},{"@type":"BreadcrumbList","@id":"https:\/\/www.theaesthetics.at\/en\/financing\/#breadcrumb","itemListElement":[{"@type":"ListItem","position":1,"name":"Startseite","item":"https:\/\/www.theaesthetics.at\/en\/"},{"@type":"ListItem","position":2,"name":"Financing"}]},{"@type":"WebSite","@id":"https:\/\/www.theaesthetics.at\/en\/#website","url":"https:\/\/www.theaesthetics.at\/en\/","name":"TheAesthetics Dr. Rolf Bartsch &amp; Dr. Katrin Bartsch Plastische Chirurgie &amp; \u00c4sthetische Medizin 1190 Wien","description":"Bei Dr. Bartsch - The Aesthetics Wien - werden plastisch-chirurgische und nicht invasive \u00e4sthetische Behandlungen ma\u00dfgeschneidert durchgef\u00fchrt.","potentialAction":[{"@type":"SearchAction","target":{"@type":"EntryPoint","urlTemplate":"https:\/\/www.theaesthetics.at\/en\/?s={search_term_string}"},"query-input":{"@type":"PropertyValueSpecification","valueRequired":true,"valueName":"search_term_string"}}],"inLanguage":"en-US"}]}},"_links":{"self":[{"href":"https:\/\/www.theaesthetics.at\/en\/wp-json\/wp\/v2\/pages\/8132","targetHints":{"allow":["GET"]}}],"collection":[{"href":"https:\/\/www.theaesthetics.at\/en\/wp-json\/wp\/v2\/pages"}],"about":[{"href":"https:\/\/www.theaesthetics.at\/en\/wp-json\/wp\/v2\/types\/page"}],"author":[{"embeddable":true,"href":"https:\/\/www.theaesthetics.at\/en\/wp-json\/wp\/v2\/users\/2"}],"replies":[{"embeddable":true,"href":"https:\/\/www.theaesthetics.at\/en\/wp-json\/wp\/v2\/comments?post=8132"}],"version-history":[{"count":0,"href":"https:\/\/www.theaesthetics.at\/en\/wp-json\/wp\/v2\/pages\/8132\/revisions"}],"wp:attachment":[{"href":"https:\/\/www.theaesthetics.at\/en\/wp-json\/wp\/v2\/media?parent=8132"}],"curies":[{"name":"wp","href":"https:\/\/api.w.org\/{rel}","templated":true}]}}