{"id":21304,"date":"2024-05-08T13:48:21","date_gmt":"2024-05-08T11:48:21","guid":{"rendered":"https:\/\/www.theaesthetics.at\/gutscheine\/"},"modified":"2024-06-07T09:52:14","modified_gmt":"2024-06-07T07:52:14","slug":"gutscheine","status":"publish","type":"page","link":"https:\/\/www.theaesthetics.at\/en\/gutscheine\/","title":{"rendered":"Vouchers"},"content":{"rendered":"\t\t<div data-elementor-type=\"wp-page\" data-elementor-id=\"21304\" class=\"elementor elementor-21304 elementor-21121\" data-elementor-post-type=\"page\">\n\t\t\t\t\t\t<section class=\"elementor-section elementor-top-section elementor-element elementor-element-ad0858f elementor-section-boxed elementor-section-height-default elementor-section-height-default\" data-id=\"ad0858f\" data-element_type=\"section\" data-e-type=\"section\">\n\t\t\t\t\t\t<div class=\"elementor-container elementor-column-gap-default\">\n\t\t\t\t\t<div class=\"elementor-column elementor-col-100 elementor-top-column elementor-element elementor-element-d9b1323\" data-id=\"d9b1323\" data-element_type=\"column\" data-e-type=\"column\">\n\t\t\t<div class=\"elementor-widget-wrap elementor-element-populated\">\n\t\t\t\t\t\t<div class=\"elementor-element elementor-element-89d9ef6 elementor-widget elementor-widget-image\" data-id=\"89d9ef6\" data-element_type=\"widget\" data-e-type=\"widget\" data-widget_type=\"image.default\">\n\t\t\t\t<div class=\"elementor-widget-container\">\n\t\t\t\t\t\t\t\t\t\t\t\t\t\t\t<img fetchpriority=\"high\" decoding=\"async\" width=\"5144\" height=\"3749\" src=\"https:\/\/www.theaesthetics.at\/wp-content\/uploads\/2024\/06\/TAE_Gutscheine_5.png\" class=\"attachment-full size-full wp-image-21297\" alt=\"\" srcset=\"https:\/\/www.theaesthetics.at\/wp-content\/uploads\/2024\/06\/TAE_Gutscheine_5.png 5144w, https:\/\/www.theaesthetics.at\/wp-content\/uploads\/2024\/06\/TAE_Gutscheine_5-300x219.png 300w, https:\/\/www.theaesthetics.at\/wp-content\/uploads\/2024\/06\/TAE_Gutscheine_5-1024x746.png 1024w, https:\/\/www.theaesthetics.at\/wp-content\/uploads\/2024\/06\/TAE_Gutscheine_5-768x560.png 768w, https:\/\/www.theaesthetics.at\/wp-content\/uploads\/2024\/06\/TAE_Gutscheine_5-1536x1119.png 1536w, https:\/\/www.theaesthetics.at\/wp-content\/uploads\/2024\/06\/TAE_Gutscheine_5-2048x1493.png 2048w\" sizes=\"(max-width: 5144px) 100vw, 5144px\" \/>\t\t\t\t\t\t\t\t\t\t\t\t\t\t\t<\/div>\n\t\t\t\t<\/div>\n\t\t\t\t\t<\/div>\n\t\t<\/div>\n\t\t\t\t\t<\/div>\n\t\t<\/section>\n\t\t\t\t<section class=\"elementor-section elementor-top-section elementor-element elementor-element-771ad9c elementor-section-boxed elementor-section-height-default elementor-section-height-default\" data-id=\"771ad9c\" data-element_type=\"section\" data-e-type=\"section\">\n\t\t\t\t\t\t<div class=\"elementor-container elementor-column-gap-default\">\n\t\t\t\t\t<div class=\"elementor-column elementor-col-100 elementor-top-column elementor-element elementor-element-81cf432\" data-id=\"81cf432\" data-element_type=\"column\" data-e-type=\"column\">\n\t\t\t<div class=\"elementor-widget-wrap elementor-element-populated\">\n\t\t\t\t\t\t<div class=\"elementor-element elementor-element-11e0c87 elementor-widget elementor-widget-heading\" data-id=\"11e0c87\" data-element_type=\"widget\" data-e-type=\"widget\" data-widget_type=\"heading.default\">\n\t\t\t\t<div class=\"elementor-widget-container\">\n\t\t\t\t\t<h2 class=\"elementor-heading-title elementor-size-default\">Give the gift of beauty - now with our vouchers!<\/h2>\t\t\t\t<\/div>\n\t\t\t\t<\/div>\n\t\t\t\t<div class=\"elementor-text-editor elementor-element elementor-element-4573df0 elementor-widget elementor-widget-text-editor\" data-id=\"4573df0\" data-element_type=\"widget\" data-e-type=\"widget\" data-widget_type=\"text-editor.default\">\n\t\t\t\t<div class=\"elementor-widget-container\">\n\t\t\t\t\t\t\t\t\tIn today&#8217;s world, where self-care and the pursuit of beauty play an ever-increasing role, it is crucial to offer quality aesthetic treatments that boost self-confidence and bring out the best in each individual. At theaesthetics, we stand for quality in aesthetic medicine, and now you can give the gift of this experience with our very own vouchers!\t\t\t\t\t\t\t\t<\/div>\n\t\t\t\t<\/div>\n\t\t\t\t<div class=\"elementor-element elementor-element-6d40659 elementor-widget elementor-widget-heading\" data-id=\"6d40659\" data-element_type=\"widget\" data-e-type=\"widget\" data-widget_type=\"heading.default\">\n\t\t\t\t<div class=\"elementor-widget-container\">\n\t\t\t\t\t<h2 class=\"elementor-heading-title elementor-size-default\">What are our vouchers?<\/h2>\t\t\t\t<\/div>\n\t\t\t\t<\/div>\n\t\t\t\t<div class=\"elementor-text-editor elementor-element elementor-element-a75f7d7 elementor-widget elementor-widget-text-editor\" data-id=\"a75f7d7\" data-element_type=\"widget\" data-e-type=\"widget\" data-widget_type=\"text-editor.default\">\n\t\t\t\t<div class=\"elementor-widget-container\">\n\t\t\t\t\t\t\t\t\tOur vouchers offer the opportunity to give the gift of individual aesthetic treatments that can be flexibly tailored to the recipient&#8217;s needs. From aesthetic treatments with Botox or filler to cosmetic products and innovative facial treatments &#8211; with our voucher from theaesthetics, you can decide later.\t\t\t\t\t\t\t\t<\/div>\n\t\t\t\t<\/div>\n\t\t\t\t<div class=\"elementor-element elementor-element-3ccfe69 elementor-widget elementor-widget-heading\" data-id=\"3ccfe69\" data-element_type=\"widget\" data-e-type=\"widget\" data-widget_type=\"heading.default\">\n\t\t\t\t<div class=\"elementor-widget-container\">\n\t\t\t\t\t<h2 class=\"elementor-heading-title elementor-size-default\">How does it work?<\/h2>\t\t\t\t<\/div>\n\t\t\t\t<\/div>\n\t\t\t\t<div class=\"elementor-text-editor elementor-element elementor-element-c7371f1 elementor-widget elementor-widget-text-editor\" data-id=\"c7371f1\" data-element_type=\"widget\" data-e-type=\"widget\" data-widget_type=\"text-editor.default\">\n\t\t\t\t<div class=\"elementor-widget-container\">\n\t\t\t\t\t\t\t\t\tIt&#8217;s so easy to buy our vouchers: just send us a short email or give us a call. Once payment has been made, we will be happy to send you your voucher by post.\t\t\t\t\t\t\t\t<\/div>\n\t\t\t\t<\/div>\n\t\t\t\t<div class=\"elementor-element elementor-element-2a6bf23 elementor-widget elementor-widget-heading\" data-id=\"2a6bf23\" data-element_type=\"widget\" data-e-type=\"widget\" data-widget_type=\"heading.default\">\n\t\t\t\t<div class=\"elementor-widget-container\">\n\t\t\t\t\t<h2 class=\"elementor-heading-title elementor-size-default\">Why a voucher from theaesthetics?<\/h2>\t\t\t\t<\/div>\n\t\t\t\t<\/div>\n\t\t\t\t<div class=\"elementor-text-editor elementor-element elementor-element-892b461 elementor-widget elementor-widget-text-editor\" data-id=\"892b461\" data-element_type=\"widget\" data-e-type=\"widget\" data-widget_type=\"text-editor.default\">\n\t\t\t\t<div class=\"elementor-widget-container\">\n\t\t\t\t\t\t\t\t\t<ul><li><strong>Personalized care<\/strong>: Our treatments are carried out by experienced professionals who take care of the individual beauty of each client.<\/li><li><strong>Innovation<\/strong>: We use high-quality products and the latest technologies and treatment methods to achieve the best results.<\/li><li><strong>Trust<\/strong>: With our years of experience and commitment to quality, you can rest assured that you are in good hands.<\/li><\/ul>\t\t\t\t\t\t\t\t<\/div>\n\t\t\t\t<\/div>\n\t\t\t\t<div class=\"elementor-text-editor elementor-element elementor-element-3903834 elementor-widget elementor-widget-text-editor\" data-id=\"3903834\" data-element_type=\"widget\" data-e-type=\"widget\" data-widget_type=\"text-editor.default\">\n\t\t\t\t<div class=\"elementor-widget-container\">\n\t\t\t\t\t\t\t\t\tGive the gift of not just a treatment, but a new sense of self-confidence and radiance. Give someone the opportunity to discover their radiant self!\t\t\t\t\t\t\t\t<\/div>\n\t\t\t\t<\/div>\n\t\t\t\t\t<\/div>\n\t\t<\/div>\n\t\t\t\t\t<\/div>\n\t\t<\/section>\n\t\t\t\t<section class=\"elementor-section elementor-top-section elementor-element elementor-element-197520c elementor-section-boxed elementor-section-height-default elementor-section-height-default\" data-id=\"197520c\" data-element_type=\"section\" data-e-type=\"section\">\n\t\t\t\t\t\t<div class=\"elementor-container elementor-column-gap-default\">\n\t\t\t\t\t<div class=\"elementor-column elementor-col-50 elementor-top-column elementor-element elementor-element-7b78756\" data-id=\"7b78756\" data-element_type=\"column\" data-e-type=\"column\">\n\t\t\t<div class=\"elementor-widget-wrap elementor-element-populated\">\n\t\t\t\t\t\t<div class=\"elementor-element elementor-element-ad45eb8 elementor-widget elementor-widget-image\" data-id=\"ad45eb8\" data-element_type=\"widget\" data-e-type=\"widget\" data-widget_type=\"image.default\">\n\t\t\t\t<div class=\"elementor-widget-container\">\n\t\t\t\t\t\t\t\t\t\t\t\t\t\t\t<img decoding=\"async\" width=\"2279\" height=\"2560\" src=\"https:\/\/www.theaesthetics.at\/wp-content\/uploads\/2024\/06\/TAE_Gutscheine_2-scaled.jpg\" class=\"attachment-full size-full wp-image-21299\" alt=\"\" srcset=\"https:\/\/www.theaesthetics.at\/wp-content\/uploads\/2024\/06\/TAE_Gutscheine_2-scaled.jpg 2279w, https:\/\/www.theaesthetics.at\/wp-content\/uploads\/2024\/06\/TAE_Gutscheine_2-267x300.jpg 267w, https:\/\/www.theaesthetics.at\/wp-content\/uploads\/2024\/06\/TAE_Gutscheine_2-912x1024.jpg 912w, https:\/\/www.theaesthetics.at\/wp-content\/uploads\/2024\/06\/TAE_Gutscheine_2-768x863.jpg 768w, https:\/\/www.theaesthetics.at\/wp-content\/uploads\/2024\/06\/TAE_Gutscheine_2-1368x1536.jpg 1368w, https:\/\/www.theaesthetics.at\/wp-content\/uploads\/2024\/06\/TAE_Gutscheine_2-1823x2048.jpg 1823w\" sizes=\"(max-width: 2279px) 100vw, 2279px\" \/>\t\t\t\t\t\t\t\t\t\t\t\t\t\t\t<\/div>\n\t\t\t\t<\/div>\n\t\t\t\t\t<\/div>\n\t\t<\/div>\n\t\t\t\t<div class=\"elementor-column elementor-col-50 elementor-top-column elementor-element elementor-element-1c2d6d5\" data-id=\"1c2d6d5\" data-element_type=\"column\" data-e-type=\"column\">\n\t\t\t<div class=\"elementor-widget-wrap elementor-element-populated\">\n\t\t\t\t\t\t<div class=\"elementor-element elementor-element-4062ba4 elementor-widget elementor-widget-image\" data-id=\"4062ba4\" data-element_type=\"widget\" data-e-type=\"widget\" data-widget_type=\"image.default\">\n\t\t\t\t<div class=\"elementor-widget-container\">\n\t\t\t\t\t\t\t\t\t\t\t\t\t\t\t<img decoding=\"async\" width=\"4615\" height=\"4533\" src=\"https:\/\/www.theaesthetics.at\/wp-content\/uploads\/2024\/06\/TAE_Gutscheine_4.png\" class=\"attachment-full size-full wp-image-21295\" alt=\"\" srcset=\"https:\/\/www.theaesthetics.at\/wp-content\/uploads\/2024\/06\/TAE_Gutscheine_4.png 4615w, https:\/\/www.theaesthetics.at\/wp-content\/uploads\/2024\/06\/TAE_Gutscheine_4-300x295.png 300w, https:\/\/www.theaesthetics.at\/wp-content\/uploads\/2024\/06\/TAE_Gutscheine_4-1024x1006.png 1024w, https:\/\/www.theaesthetics.at\/wp-content\/uploads\/2024\/06\/TAE_Gutscheine_4-768x754.png 768w, https:\/\/www.theaesthetics.at\/wp-content\/uploads\/2024\/06\/TAE_Gutscheine_4-1536x1509.png 1536w, https:\/\/www.theaesthetics.at\/wp-content\/uploads\/2024\/06\/TAE_Gutscheine_4-2048x2012.png 2048w\" sizes=\"(max-width: 4615px) 100vw, 4615px\" \/>\t\t\t\t\t\t\t\t\t\t\t\t\t\t\t<\/div>\n\t\t\t\t<\/div>\n\t\t\t\t\t<\/div>\n\t\t<\/div>\n\t\t\t\t\t<\/div>\n\t\t<\/section>\n\t\t\t\t<\/div>\n\t\t","protected":false},"excerpt":{"rendered":"<p>Give the gift of beauty &#8211; now with our vouchers! In today&#8217;s world, where self-care and the pursuit of beauty play an ever-increasing role, it is crucial to offer quality aesthetic treatments that boost self-confidence and bring out the best in each individual. At theaesthetics, we stand for quality in aesthetic medicine, and now you [&hellip;]<\/p>\n","protected":false},"author":1,"featured_media":0,"parent":0,"menu_order":0,"comment_status":"closed","ping_status":"closed","template":"","meta":{"_acf_changed":false,"footnotes":""},"class_list":["post-21304","page","type-page","status-publish","hentry"],"acf":[],"yoast_head":"<!-- This site is optimized with the Yoast SEO plugin v27.5 - https:\/\/yoast.com\/product\/yoast-seo-wordpress\/ -->\n<title>Vouchers - TheAesthetics Dr. Rolf Bartsch &amp; Dr. Katrin Bartsch Plastische Chirurgie &amp; \u00c4sthetische Medizin 1190 Wien<\/title>\n<meta name=\"description\" content=\"Don&#039;t just give the gift of a treatment, but a new feeling of self-confidence and radiance. Available at TheAesthetics Dr. Bartsch!\" \/>\n<meta name=\"robots\" content=\"index, follow, max-snippet:-1, max-image-preview:large, max-video-preview:-1\" \/>\n<link rel=\"canonical\" href=\"https:\/\/www.theaesthetics.at\/en\/gutscheine\/\" \/>\n<meta property=\"og:locale\" content=\"en_US\" \/>\n<meta property=\"og:type\" content=\"article\" \/>\n<meta property=\"og:title\" content=\"Vouchers - TheAesthetics Dr. Rolf Bartsch &amp; Dr. Katrin Bartsch Plastische Chirurgie &amp; \u00c4sthetische Medizin 1190 Wien\" \/>\n<meta property=\"og:description\" content=\"Don&#039;t just give the gift of a treatment, but a new feeling of self-confidence and radiance. Available at TheAesthetics Dr. Bartsch!\" \/>\n<meta property=\"og:url\" content=\"https:\/\/www.theaesthetics.at\/en\/gutscheine\/\" \/>\n<meta property=\"og:site_name\" content=\"TheAesthetics Dr. Rolf Bartsch &amp; Dr. Katrin Bartsch Plastische Chirurgie &amp; \u00c4sthetische Medizin 1190 Wien\" \/>\n<meta property=\"article:modified_time\" content=\"2024-06-07T07:52:14+00:00\" \/>\n<meta property=\"og:image\" content=\"https:\/\/www.theaesthetics.at\/wp-content\/uploads\/2024\/06\/TAE_Gutscheine_5-1024x746.png\" \/>\n\t<meta property=\"og:image:width\" content=\"1024\" \/>\n\t<meta property=\"og:image:height\" content=\"746\" \/>\n\t<meta property=\"og:image:type\" content=\"image\/png\" \/>\n<meta name=\"twitter:card\" content=\"summary_large_image\" \/>\n<meta name=\"twitter:label1\" content=\"Est. reading time\" \/>\n\t<meta name=\"twitter:data1\" content=\"2 minutes\" \/>\n<script type=\"application\/ld+json\" class=\"yoast-schema-graph\">{\"@context\":\"https:\\\/\\\/schema.org\",\"@graph\":[{\"@type\":\"WebPage\",\"@id\":\"https:\\\/\\\/www.theaesthetics.at\\\/en\\\/gutscheine\\\/\",\"url\":\"https:\\\/\\\/www.theaesthetics.at\\\/en\\\/gutscheine\\\/\",\"name\":\"Vouchers - TheAesthetics Dr. Rolf Bartsch &amp; Dr. Katrin Bartsch Plastische Chirurgie &amp; \u00c4sthetische Medizin 1190 Wien\",\"isPartOf\":{\"@id\":\"https:\\\/\\\/www.theaesthetics.at\\\/en\\\/#website\"},\"primaryImageOfPage\":{\"@id\":\"https:\\\/\\\/www.theaesthetics.at\\\/en\\\/gutscheine\\\/#primaryimage\"},\"image\":{\"@id\":\"https:\\\/\\\/www.theaesthetics.at\\\/en\\\/gutscheine\\\/#primaryimage\"},\"thumbnailUrl\":\"https:\\\/\\\/www.theaesthetics.at\\\/wp-content\\\/uploads\\\/2024\\\/06\\\/TAE_Gutscheine_5.png\",\"datePublished\":\"2024-05-08T11:48:21+00:00\",\"dateModified\":\"2024-06-07T07:52:14+00:00\",\"description\":\"Don't just give the gift of a treatment, but a new feeling of self-confidence and radiance. Available at TheAesthetics Dr. Bartsch!\",\"breadcrumb\":{\"@id\":\"https:\\\/\\\/www.theaesthetics.at\\\/en\\\/gutscheine\\\/#breadcrumb\"},\"inLanguage\":\"en-US\",\"potentialAction\":[{\"@type\":\"ReadAction\",\"target\":[\"https:\\\/\\\/www.theaesthetics.at\\\/en\\\/gutscheine\\\/\"]}]},{\"@type\":\"ImageObject\",\"inLanguage\":\"en-US\",\"@id\":\"https:\\\/\\\/www.theaesthetics.at\\\/en\\\/gutscheine\\\/#primaryimage\",\"url\":\"https:\\\/\\\/www.theaesthetics.at\\\/wp-content\\\/uploads\\\/2024\\\/06\\\/TAE_Gutscheine_5.png\",\"contentUrl\":\"https:\\\/\\\/www.theaesthetics.at\\\/wp-content\\\/uploads\\\/2024\\\/06\\\/TAE_Gutscheine_5.png\"},{\"@type\":\"BreadcrumbList\",\"@id\":\"https:\\\/\\\/www.theaesthetics.at\\\/en\\\/gutscheine\\\/#breadcrumb\",\"itemListElement\":[{\"@type\":\"ListItem\",\"position\":1,\"name\":\"Startseite\",\"item\":\"https:\\\/\\\/www.theaesthetics.at\\\/en\\\/\"},{\"@type\":\"ListItem\",\"position\":2,\"name\":\"Vouchers\"}]},{\"@type\":\"WebSite\",\"@id\":\"https:\\\/\\\/www.theaesthetics.at\\\/en\\\/#website\",\"url\":\"https:\\\/\\\/www.theaesthetics.at\\\/en\\\/\",\"name\":\"TheAesthetics Dr. Rolf Bartsch &amp; Dr. Katrin Bartsch Plastische Chirurgie &amp; \u00c4sthetische Medizin 1190 Wien\",\"description\":\"Bei Dr. Bartsch - The Aesthetics Wien - werden plastisch-chirurgische und nicht invasive \u00e4sthetische Behandlungen ma\u00dfgeschneidert durchgef\u00fchrt.\",\"potentialAction\":[{\"@type\":\"SearchAction\",\"target\":{\"@type\":\"EntryPoint\",\"urlTemplate\":\"https:\\\/\\\/www.theaesthetics.at\\\/en\\\/?s={search_term_string}\"},\"query-input\":{\"@type\":\"PropertyValueSpecification\",\"valueRequired\":true,\"valueName\":\"search_term_string\"}}],\"inLanguage\":\"en-US\"}]}<\/script>\n<!-- \/ Yoast SEO plugin. -->","yoast_head_json":{"title":"Vouchers - TheAesthetics Dr. Rolf Bartsch &amp; Dr. Katrin Bartsch Plastische Chirurgie &amp; \u00c4sthetische Medizin 1190 Wien","description":"Don't just give the gift of a treatment, but a new feeling of self-confidence and radiance. Available at TheAesthetics Dr. Bartsch!","robots":{"index":"index","follow":"follow","max-snippet":"max-snippet:-1","max-image-preview":"max-image-preview:large","max-video-preview":"max-video-preview:-1"},"canonical":"https:\/\/www.theaesthetics.at\/en\/gutscheine\/","og_locale":"en_US","og_type":"article","og_title":"Vouchers - TheAesthetics Dr. Rolf Bartsch &amp; Dr. Katrin Bartsch Plastische Chirurgie &amp; \u00c4sthetische Medizin 1190 Wien","og_description":"Don't just give the gift of a treatment, but a new feeling of self-confidence and radiance. Available at TheAesthetics Dr. Bartsch!","og_url":"https:\/\/www.theaesthetics.at\/en\/gutscheine\/","og_site_name":"TheAesthetics Dr. Rolf Bartsch &amp; Dr. Katrin Bartsch Plastische Chirurgie &amp; \u00c4sthetische Medizin 1190 Wien","article_modified_time":"2024-06-07T07:52:14+00:00","og_image":[{"width":1024,"height":746,"url":"https:\/\/www.theaesthetics.at\/wp-content\/uploads\/2024\/06\/TAE_Gutscheine_5-1024x746.png","type":"image\/png"}],"twitter_card":"summary_large_image","twitter_misc":{"Est. reading time":"2 minutes"},"schema":{"@context":"https:\/\/schema.org","@graph":[{"@type":"WebPage","@id":"https:\/\/www.theaesthetics.at\/en\/gutscheine\/","url":"https:\/\/www.theaesthetics.at\/en\/gutscheine\/","name":"Vouchers - TheAesthetics Dr. Rolf Bartsch &amp; Dr. Katrin Bartsch Plastische Chirurgie &amp; \u00c4sthetische Medizin 1190 Wien","isPartOf":{"@id":"https:\/\/www.theaesthetics.at\/en\/#website"},"primaryImageOfPage":{"@id":"https:\/\/www.theaesthetics.at\/en\/gutscheine\/#primaryimage"},"image":{"@id":"https:\/\/www.theaesthetics.at\/en\/gutscheine\/#primaryimage"},"thumbnailUrl":"https:\/\/www.theaesthetics.at\/wp-content\/uploads\/2024\/06\/TAE_Gutscheine_5.png","datePublished":"2024-05-08T11:48:21+00:00","dateModified":"2024-06-07T07:52:14+00:00","description":"Don't just give the gift of a treatment, but a new feeling of self-confidence and radiance. Available at TheAesthetics Dr. Bartsch!","breadcrumb":{"@id":"https:\/\/www.theaesthetics.at\/en\/gutscheine\/#breadcrumb"},"inLanguage":"en-US","potentialAction":[{"@type":"ReadAction","target":["https:\/\/www.theaesthetics.at\/en\/gutscheine\/"]}]},{"@type":"ImageObject","inLanguage":"en-US","@id":"https:\/\/www.theaesthetics.at\/en\/gutscheine\/#primaryimage","url":"https:\/\/www.theaesthetics.at\/wp-content\/uploads\/2024\/06\/TAE_Gutscheine_5.png","contentUrl":"https:\/\/www.theaesthetics.at\/wp-content\/uploads\/2024\/06\/TAE_Gutscheine_5.png"},{"@type":"BreadcrumbList","@id":"https:\/\/www.theaesthetics.at\/en\/gutscheine\/#breadcrumb","itemListElement":[{"@type":"ListItem","position":1,"name":"Startseite","item":"https:\/\/www.theaesthetics.at\/en\/"},{"@type":"ListItem","position":2,"name":"Vouchers"}]},{"@type":"WebSite","@id":"https:\/\/www.theaesthetics.at\/en\/#website","url":"https:\/\/www.theaesthetics.at\/en\/","name":"TheAesthetics Dr. Rolf Bartsch &amp; Dr. Katrin Bartsch Plastische Chirurgie &amp; \u00c4sthetische Medizin 1190 Wien","description":"Bei Dr. Bartsch - The Aesthetics Wien - werden plastisch-chirurgische und nicht invasive \u00e4sthetische Behandlungen ma\u00dfgeschneidert durchgef\u00fchrt.","potentialAction":[{"@type":"SearchAction","target":{"@type":"EntryPoint","urlTemplate":"https:\/\/www.theaesthetics.at\/en\/?s={search_term_string}"},"query-input":{"@type":"PropertyValueSpecification","valueRequired":true,"valueName":"search_term_string"}}],"inLanguage":"en-US"}]}},"_links":{"self":[{"href":"https:\/\/www.theaesthetics.at\/en\/wp-json\/wp\/v2\/pages\/21304","targetHints":{"allow":["GET"]}}],"collection":[{"href":"https:\/\/www.theaesthetics.at\/en\/wp-json\/wp\/v2\/pages"}],"about":[{"href":"https:\/\/www.theaesthetics.at\/en\/wp-json\/wp\/v2\/types\/page"}],"author":[{"embeddable":true,"href":"https:\/\/www.theaesthetics.at\/en\/wp-json\/wp\/v2\/users\/1"}],"replies":[{"embeddable":true,"href":"https:\/\/www.theaesthetics.at\/en\/wp-json\/wp\/v2\/comments?post=21304"}],"version-history":[{"count":0,"href":"https:\/\/www.theaesthetics.at\/en\/wp-json\/wp\/v2\/pages\/21304\/revisions"}],"wp:attachment":[{"href":"https:\/\/www.theaesthetics.at\/en\/wp-json\/wp\/v2\/media?parent=21304"}],"curies":[{"name":"wp","href":"https:\/\/api.w.org\/{rel}","templated":true}]}}