{"id":16130,"date":"2022-07-15T12:28:50","date_gmt":"2022-07-15T10:28:50","guid":{"rendered":"https:\/\/www.theaesthetics.at\/uebernachtung\/"},"modified":"2022-09-13T20:27:29","modified_gmt":"2022-09-13T18:27:29","slug":"uebernachtung","status":"publish","type":"page","link":"https:\/\/www.theaesthetics.at\/en\/uebernachtung\/","title":{"rendered":"Overnight stay"},"content":{"rendered":"\t\t<div data-elementor-type=\"wp-page\" data-elementor-id=\"16130\" class=\"elementor elementor-16130 elementor-16101\" data-elementor-post-type=\"page\">\n\t\t\t\t\t\t<section class=\"elementor-section elementor-top-section elementor-element elementor-element-b261a98 elementor-section-boxed elementor-section-height-default elementor-section-height-default\" data-id=\"b261a98\" data-element_type=\"section\" data-e-type=\"section\">\n\t\t\t\t\t\t<div class=\"elementor-container elementor-column-gap-default\">\n\t\t\t\t\t<div class=\"elementor-column elementor-col-100 elementor-top-column elementor-element elementor-element-d08a233\" data-id=\"d08a233\" data-element_type=\"column\" data-e-type=\"column\">\n\t\t\t<div class=\"elementor-widget-wrap elementor-element-populated\">\n\t\t\t\t\t\t<div class=\"elementor-text-editor elementor-element elementor-element-6a4ca9b elementor-widget elementor-widget-text-editor\" data-id=\"6a4ca9b\" data-element_type=\"widget\" data-e-type=\"widget\" data-widget_type=\"text-editor.default\">\n\t\t\t\t<div class=\"elementor-widget-container\">\n\t\t\t\t\t\t\t\t\t<h1>Overnight stay<\/h1>\t\t\t\t\t\t\t\t<\/div>\n\t\t\t\t<\/div>\n\t\t\t\t<div class=\"elementor-text-editor elementor-element elementor-element-5463234 elementor-widget elementor-widget-text-editor\" data-id=\"5463234\" data-element_type=\"widget\" data-e-type=\"widget\" data-widget_type=\"text-editor.default\">\n\t\t\t\t<div class=\"elementor-widget-container\">\n\t\t\t\t\t\t\t\t\t<p>You have a surgical procedure with us and would like to spend one or more nights in Vienna?<\/p><p>We recommend our partner hotel very close to the surgery:<\/p><p><strong>Hotel Harmonie<\/strong><a style=\"font-size: 1rem;\" href=\"mailto:office@theaesthetics.at\"><br \/><strong>https:\/\/www.harmonie-vienna.at\/<\/strong><br \/><\/a><strong><a href=\"tel:\/+43 1 3176604\">Tel: +43 1 3176604<\/a><\/strong><a style=\"font-size: 1rem;\" href=\"mailto:office@theaesthetics.at\"><br \/><\/a><strong><a href=\"mailto:welcome@harmonie-vienna.atoffice@theaesthetics.at\">welcome@harmonie-vienna.at<\/a><\/strong><\/p>\t\t\t\t\t\t\t\t<\/div>\n\t\t\t\t<\/div>\n\t\t\t\t<div class=\"elementor-text-editor elementor-element elementor-element-db9f7b8 elementor-widget elementor-widget-text-editor\" data-id=\"db9f7b8\" data-element_type=\"widget\" data-e-type=\"widget\" data-widget_type=\"text-editor.default\">\n\t\t\t\t<div class=\"elementor-widget-container\">\n\t\t\t\t\t\t\t\t\t<em>Das Boutiquehotel The Harmonie Vienna ist ein Hotel in zentraler Lage, inmitten des K\u00fcnstlerviertels im 9. Bezirk, dem Servitenviertel. Das Hotel The Harmonie Vienna besticht durch eine famili\u00e4re Atmosph\u00e4re und ein stimmungsvolles Interieur f\u00fcr G\u00e4ste mit gehobenen Anspr\u00fcchen.<\/em>\t\t\t\t\t\t\t\t<\/div>\n\t\t\t\t<\/div>\n\t\t\t\t<div class=\"elementor-text-editor elementor-element elementor-element-f8c5f04 elementor-widget elementor-widget-text-editor\" data-id=\"f8c5f04\" data-element_type=\"widget\" data-e-type=\"widget\" data-widget_type=\"text-editor.default\">\n\t\t\t\t<div class=\"elementor-widget-container\">\n\t\t\t\t\t\t\t\t\tYou can get the code for your stay from our team at <a href=\"tel:\/+43 (0) 1-353 55 55\">+43 (0) 1-353 55 55<\/a> or at <a href=\"mailto:office@theaesthetics.at\">office@theaesthetics.at<\/a>\t\t\t\t\t\t\t\t<\/div>\n\t\t\t\t<\/div>\n\t\t\t\t<div class=\"elementor-text-editor elementor-element elementor-element-408d15c elementor-widget elementor-widget-text-editor\" data-id=\"408d15c\" data-element_type=\"widget\" data-e-type=\"widget\" data-widget_type=\"text-editor.default\">\n\t\t\t\t<div class=\"elementor-widget-container\">\n\t\t\t\t\t\t\t\t\tThe boutique hotel The Harmonie Vienna is a hotel in central Vienna that steps out of the line. At the heart of the hotel design is a visionary art concept that unites dance and painting in a unique way. In the midst of the artists&#8217; quarter in the 9th district, the Servitenviertel, the hotel The Harmonie Vienna captivates with a family atmosphere and an atmospheric interior for guests with high expectations. Organic and regional products at the breakfast buffet are a matter of course at Hotel The Harmonie Vienna. Thus, the hotel may adorn itself with the Austrian eco-label, the Austria Bio seal.\t\t\t\t\t\t\t\t<\/div>\n\t\t\t\t<\/div>\n\t\t\t\t<div class=\"elementor-element elementor-element-9736489 elementor-widget elementor-widget-gallery\" data-id=\"9736489\" data-element_type=\"widget\" data-e-type=\"widget\" data-settings=\"{&quot;lazyload&quot;:&quot;yes&quot;,&quot;gallery_layout&quot;:&quot;grid&quot;,&quot;columns&quot;:4,&quot;columns_tablet&quot;:2,&quot;columns_mobile&quot;:1,&quot;gap&quot;:{&quot;unit&quot;:&quot;px&quot;,&quot;size&quot;:10,&quot;sizes&quot;:[]},&quot;gap_tablet&quot;:{&quot;unit&quot;:&quot;px&quot;,&quot;size&quot;:10,&quot;sizes&quot;:[]},&quot;gap_mobile&quot;:{&quot;unit&quot;:&quot;px&quot;,&quot;size&quot;:10,&quot;sizes&quot;:[]},&quot;link_to&quot;:&quot;file&quot;,&quot;aspect_ratio&quot;:&quot;3:2&quot;,&quot;overlay_background&quot;:&quot;yes&quot;,&quot;content_hover_animation&quot;:&quot;fade-in&quot;}\" data-widget_type=\"gallery.default\">\n\t\t\t\t<div class=\"elementor-widget-container\">\n\t\t\t\t\t\t\t<div class=\"elementor-gallery__container\">\n\t\t\t\t\t\t\t<a class=\"e-gallery-item elementor-gallery-item elementor-animated-content\" href=\"https:\/\/www.theaesthetics.at\/wp-content\/uploads\/2022\/09\/56968376.jpg\" data-elementor-open-lightbox=\"yes\" data-elementor-lightbox-slideshow=\"9736489\" data-elementor-lightbox-title=\"56968376\" data-e-action-hash=\"#elementor-action%3Aaction%3Dlightbox%26settings%3DeyJpZCI6MTcyMjUsInVybCI6Imh0dHBzOlwvXC93d3cudGhlYWVzdGhldGljcy5hdFwvd3AtY29udGVudFwvdXBsb2Fkc1wvMjAyMlwvMDlcLzU2OTY4Mzc2LmpwZyIsInNsaWRlc2hvdyI6Ijk3MzY0ODkifQ%3D%3D\">\n\t\t\t\t\t<div class=\"e-gallery-image elementor-gallery-item__image\" data-thumbnail=\"https:\/\/www.theaesthetics.at\/wp-content\/uploads\/2022\/09\/56968376.jpg\" data-width=\"1024\" data-height=\"683\" aria-label=\"\" role=\"img\" ><\/div>\n\t\t\t\t\t\t\t\t\t\t\t<div class=\"elementor-gallery-item__overlay\"><\/div>\n\t\t\t\t\t\t\t\t\t\t\t\t\t\t<\/a>\n\t\t\t\t\t\t\t<a class=\"e-gallery-item elementor-gallery-item elementor-animated-content\" href=\"https:\/\/www.theaesthetics.at\/wp-content\/uploads\/2022\/09\/167332337.jpg\" data-elementor-open-lightbox=\"yes\" data-elementor-lightbox-slideshow=\"9736489\" data-elementor-lightbox-title=\"167332337\" data-e-action-hash=\"#elementor-action%3Aaction%3Dlightbox%26settings%3DeyJpZCI6MTcyMjMsInVybCI6Imh0dHBzOlwvXC93d3cudGhlYWVzdGhldGljcy5hdFwvd3AtY29udGVudFwvdXBsb2Fkc1wvMjAyMlwvMDlcLzE2NzMzMjMzNy5qcGciLCJzbGlkZXNob3ciOiI5NzM2NDg5In0%3D\">\n\t\t\t\t\t<div class=\"e-gallery-image elementor-gallery-item__image\" data-thumbnail=\"https:\/\/www.theaesthetics.at\/wp-content\/uploads\/2022\/09\/167332337.jpg\" data-width=\"960\" data-height=\"768\" aria-label=\"\" role=\"img\" ><\/div>\n\t\t\t\t\t\t\t\t\t\t\t<div class=\"elementor-gallery-item__overlay\"><\/div>\n\t\t\t\t\t\t\t\t\t\t\t\t\t\t<\/a>\n\t\t\t\t\t\t\t<a class=\"e-gallery-item elementor-gallery-item elementor-animated-content\" href=\"https:\/\/www.theaesthetics.at\/wp-content\/uploads\/2022\/09\/158783463.jpg\" data-elementor-open-lightbox=\"yes\" data-elementor-lightbox-slideshow=\"9736489\" data-elementor-lightbox-title=\"158783463\" data-e-action-hash=\"#elementor-action%3Aaction%3Dlightbox%26settings%3DeyJpZCI6MTcyMjEsInVybCI6Imh0dHBzOlwvXC93d3cudGhlYWVzdGhldGljcy5hdFwvd3AtY29udGVudFwvdXBsb2Fkc1wvMjAyMlwvMDlcLzE1ODc4MzQ2My5qcGciLCJzbGlkZXNob3ciOiI5NzM2NDg5In0%3D\">\n\t\t\t\t\t<div class=\"e-gallery-image elementor-gallery-item__image\" data-thumbnail=\"https:\/\/www.theaesthetics.at\/wp-content\/uploads\/2022\/09\/158783463.jpg\" data-width=\"1024\" data-height=\"683\" aria-label=\"\" role=\"img\" ><\/div>\n\t\t\t\t\t\t\t\t\t\t\t<div class=\"elementor-gallery-item__overlay\"><\/div>\n\t\t\t\t\t\t\t\t\t\t\t\t\t\t<\/a>\n\t\t\t\t\t\t\t<a class=\"e-gallery-item elementor-gallery-item elementor-animated-content\" href=\"https:\/\/www.theaesthetics.at\/wp-content\/uploads\/2022\/09\/20010609.jpg\" data-elementor-open-lightbox=\"yes\" data-elementor-lightbox-slideshow=\"9736489\" data-elementor-lightbox-title=\"20010609\" data-e-action-hash=\"#elementor-action%3Aaction%3Dlightbox%26settings%3DeyJpZCI6MTcyMTksInVybCI6Imh0dHBzOlwvXC93d3cudGhlYWVzdGhldGljcy5hdFwvd3AtY29udGVudFwvdXBsb2Fkc1wvMjAyMlwvMDlcLzIwMDEwNjA5LmpwZyIsInNsaWRlc2hvdyI6Ijk3MzY0ODkifQ%3D%3D\">\n\t\t\t\t\t<div class=\"e-gallery-image elementor-gallery-item__image\" data-thumbnail=\"https:\/\/www.theaesthetics.at\/wp-content\/uploads\/2022\/09\/20010609.jpg\" data-width=\"1024\" data-height=\"683\" aria-label=\"\" role=\"img\" ><\/div>\n\t\t\t\t\t\t\t\t\t\t\t<div class=\"elementor-gallery-item__overlay\"><\/div>\n\t\t\t\t\t\t\t\t\t\t\t\t\t\t<\/a>\n\t\t\t\t\t<\/div>\n\t\t\t\t\t<\/div>\n\t\t\t\t<\/div>\n\t\t\t\t\t<\/div>\n\t\t<\/div>\n\t\t\t\t\t<\/div>\n\t\t<\/section>\n\t\t\t\t<\/div>\n\t\t","protected":false},"excerpt":{"rendered":"<p>Overnight stay You have a surgical procedure with us and would like to spend one or more nights in Vienna? We recommend our partner hotel very close to the surgery: Hotel Harmoniehttps:\/\/www.harmonie-vienna.at\/Tel: +43 1 3176604welcome@harmonie-vienna.at Das Boutiquehotel The Harmonie Vienna ist ein Hotel in zentraler Lage, inmitten des K\u00fcnstlerviertels im 9. Bezirk, dem Servitenviertel. Das [&hellip;]<\/p>\n","protected":false},"author":2,"featured_media":0,"parent":0,"menu_order":0,"comment_status":"closed","ping_status":"closed","template":"elementor_header_footer","meta":{"_acf_changed":false,"footnotes":""},"class_list":["post-16130","page","type-page","status-publish","hentry"],"acf":[],"yoast_head":"<!-- This site is optimized with the Yoast SEO plugin v27.4 - https:\/\/yoast.com\/product\/yoast-seo-wordpress\/ -->\n<title>Overnight stay - TheAesthetics Dr. Rolf Bartsch &amp; Dr. Katrin Bartsch Plastische Chirurgie &amp; \u00c4sthetische Medizin 1190 Wien<\/title>\n<meta name=\"robots\" content=\"index, follow, max-snippet:-1, max-image-preview:large, max-video-preview:-1\" \/>\n<link rel=\"canonical\" href=\"https:\/\/www.theaesthetics.at\/en\/uebernachtung\/\" \/>\n<meta property=\"og:locale\" content=\"en_US\" \/>\n<meta property=\"og:type\" content=\"article\" \/>\n<meta property=\"og:title\" content=\"Overnight stay - TheAesthetics Dr. Rolf Bartsch &amp; Dr. Katrin Bartsch Plastische Chirurgie &amp; \u00c4sthetische Medizin 1190 Wien\" \/>\n<meta property=\"og:description\" content=\"Overnight stay You have a surgical procedure with us and would like to spend one or more nights in Vienna? We recommend our partner hotel very close to the surgery: Hotel Harmoniehttps:\/\/www.harmonie-vienna.at\/Tel: +43 1 3176604welcome@harmonie-vienna.at Das Boutiquehotel The Harmonie Vienna ist ein Hotel in zentraler Lage, inmitten des K\u00fcnstlerviertels im 9. Bezirk, dem Servitenviertel. Das [&hellip;]\" \/>\n<meta property=\"og:url\" content=\"https:\/\/www.theaesthetics.at\/en\/uebernachtung\/\" \/>\n<meta property=\"og:site_name\" content=\"TheAesthetics Dr. Rolf Bartsch &amp; Dr. Katrin Bartsch Plastische Chirurgie &amp; \u00c4sthetische Medizin 1190 Wien\" \/>\n<meta property=\"article:modified_time\" content=\"2022-09-13T18:27:29+00:00\" \/>\n<meta name=\"twitter:card\" content=\"summary_large_image\" \/>\n<meta name=\"twitter:label1\" content=\"Est. reading time\" \/>\n\t<meta name=\"twitter:data1\" content=\"1 minute\" \/>\n<script type=\"application\/ld+json\" class=\"yoast-schema-graph\">{\"@context\":\"https:\\\/\\\/schema.org\",\"@graph\":[{\"@type\":\"WebPage\",\"@id\":\"https:\\\/\\\/www.theaesthetics.at\\\/en\\\/uebernachtung\\\/\",\"url\":\"https:\\\/\\\/www.theaesthetics.at\\\/en\\\/uebernachtung\\\/\",\"name\":\"Overnight stay - TheAesthetics Dr. Rolf Bartsch &amp; Dr. Katrin Bartsch Plastische Chirurgie &amp; \u00c4sthetische Medizin 1190 Wien\",\"isPartOf\":{\"@id\":\"https:\\\/\\\/www.theaesthetics.at\\\/en\\\/#website\"},\"datePublished\":\"2022-07-15T10:28:50+00:00\",\"dateModified\":\"2022-09-13T18:27:29+00:00\",\"breadcrumb\":{\"@id\":\"https:\\\/\\\/www.theaesthetics.at\\\/en\\\/uebernachtung\\\/#breadcrumb\"},\"inLanguage\":\"en-US\",\"potentialAction\":[{\"@type\":\"ReadAction\",\"target\":[\"https:\\\/\\\/www.theaesthetics.at\\\/en\\\/uebernachtung\\\/\"]}]},{\"@type\":\"BreadcrumbList\",\"@id\":\"https:\\\/\\\/www.theaesthetics.at\\\/en\\\/uebernachtung\\\/#breadcrumb\",\"itemListElement\":[{\"@type\":\"ListItem\",\"position\":1,\"name\":\"Startseite\",\"item\":\"https:\\\/\\\/www.theaesthetics.at\\\/en\\\/\"},{\"@type\":\"ListItem\",\"position\":2,\"name\":\"Overnight stay\"}]},{\"@type\":\"WebSite\",\"@id\":\"https:\\\/\\\/www.theaesthetics.at\\\/en\\\/#website\",\"url\":\"https:\\\/\\\/www.theaesthetics.at\\\/en\\\/\",\"name\":\"TheAesthetics Dr. Rolf Bartsch &amp; Dr. Katrin Bartsch Plastische Chirurgie &amp; \u00c4sthetische Medizin 1190 Wien\",\"description\":\"Bei Dr. Bartsch - The Aesthetics Wien - werden plastisch-chirurgische und nicht invasive \u00e4sthetische Behandlungen ma\u00dfgeschneidert durchgef\u00fchrt.\",\"potentialAction\":[{\"@type\":\"SearchAction\",\"target\":{\"@type\":\"EntryPoint\",\"urlTemplate\":\"https:\\\/\\\/www.theaesthetics.at\\\/en\\\/?s={search_term_string}\"},\"query-input\":{\"@type\":\"PropertyValueSpecification\",\"valueRequired\":true,\"valueName\":\"search_term_string\"}}],\"inLanguage\":\"en-US\"}]}<\/script>\n<!-- \/ Yoast SEO plugin. -->","yoast_head_json":{"title":"Overnight stay - TheAesthetics Dr. Rolf Bartsch &amp; Dr. Katrin Bartsch Plastische Chirurgie &amp; \u00c4sthetische Medizin 1190 Wien","robots":{"index":"index","follow":"follow","max-snippet":"max-snippet:-1","max-image-preview":"max-image-preview:large","max-video-preview":"max-video-preview:-1"},"canonical":"https:\/\/www.theaesthetics.at\/en\/uebernachtung\/","og_locale":"en_US","og_type":"article","og_title":"Overnight stay - TheAesthetics Dr. Rolf Bartsch &amp; Dr. Katrin Bartsch Plastische Chirurgie &amp; \u00c4sthetische Medizin 1190 Wien","og_description":"Overnight stay You have a surgical procedure with us and would like to spend one or more nights in Vienna? We recommend our partner hotel very close to the surgery: Hotel Harmoniehttps:\/\/www.harmonie-vienna.at\/Tel: +43 1 3176604welcome@harmonie-vienna.at Das Boutiquehotel The Harmonie Vienna ist ein Hotel in zentraler Lage, inmitten des K\u00fcnstlerviertels im 9. Bezirk, dem Servitenviertel. Das [&hellip;]","og_url":"https:\/\/www.theaesthetics.at\/en\/uebernachtung\/","og_site_name":"TheAesthetics Dr. Rolf Bartsch &amp; Dr. Katrin Bartsch Plastische Chirurgie &amp; \u00c4sthetische Medizin 1190 Wien","article_modified_time":"2022-09-13T18:27:29+00:00","twitter_card":"summary_large_image","twitter_misc":{"Est. reading time":"1 minute"},"schema":{"@context":"https:\/\/schema.org","@graph":[{"@type":"WebPage","@id":"https:\/\/www.theaesthetics.at\/en\/uebernachtung\/","url":"https:\/\/www.theaesthetics.at\/en\/uebernachtung\/","name":"Overnight stay - TheAesthetics Dr. Rolf Bartsch &amp; Dr. Katrin Bartsch Plastische Chirurgie &amp; \u00c4sthetische Medizin 1190 Wien","isPartOf":{"@id":"https:\/\/www.theaesthetics.at\/en\/#website"},"datePublished":"2022-07-15T10:28:50+00:00","dateModified":"2022-09-13T18:27:29+00:00","breadcrumb":{"@id":"https:\/\/www.theaesthetics.at\/en\/uebernachtung\/#breadcrumb"},"inLanguage":"en-US","potentialAction":[{"@type":"ReadAction","target":["https:\/\/www.theaesthetics.at\/en\/uebernachtung\/"]}]},{"@type":"BreadcrumbList","@id":"https:\/\/www.theaesthetics.at\/en\/uebernachtung\/#breadcrumb","itemListElement":[{"@type":"ListItem","position":1,"name":"Startseite","item":"https:\/\/www.theaesthetics.at\/en\/"},{"@type":"ListItem","position":2,"name":"Overnight stay"}]},{"@type":"WebSite","@id":"https:\/\/www.theaesthetics.at\/en\/#website","url":"https:\/\/www.theaesthetics.at\/en\/","name":"TheAesthetics Dr. Rolf Bartsch &amp; Dr. Katrin Bartsch Plastische Chirurgie &amp; \u00c4sthetische Medizin 1190 Wien","description":"Bei Dr. Bartsch - The Aesthetics Wien - werden plastisch-chirurgische und nicht invasive \u00e4sthetische Behandlungen ma\u00dfgeschneidert durchgef\u00fchrt.","potentialAction":[{"@type":"SearchAction","target":{"@type":"EntryPoint","urlTemplate":"https:\/\/www.theaesthetics.at\/en\/?s={search_term_string}"},"query-input":{"@type":"PropertyValueSpecification","valueRequired":true,"valueName":"search_term_string"}}],"inLanguage":"en-US"}]}},"_links":{"self":[{"href":"https:\/\/www.theaesthetics.at\/en\/wp-json\/wp\/v2\/pages\/16130","targetHints":{"allow":["GET"]}}],"collection":[{"href":"https:\/\/www.theaesthetics.at\/en\/wp-json\/wp\/v2\/pages"}],"about":[{"href":"https:\/\/www.theaesthetics.at\/en\/wp-json\/wp\/v2\/types\/page"}],"author":[{"embeddable":true,"href":"https:\/\/www.theaesthetics.at\/en\/wp-json\/wp\/v2\/users\/2"}],"replies":[{"embeddable":true,"href":"https:\/\/www.theaesthetics.at\/en\/wp-json\/wp\/v2\/comments?post=16130"}],"version-history":[{"count":0,"href":"https:\/\/www.theaesthetics.at\/en\/wp-json\/wp\/v2\/pages\/16130\/revisions"}],"wp:attachment":[{"href":"https:\/\/www.theaesthetics.at\/en\/wp-json\/wp\/v2\/media?parent=16130"}],"curies":[{"name":"wp","href":"https:\/\/api.w.org\/{rel}","templated":true}]}}